{"id":1255,"date":"2025-04-21T10:55:58","date_gmt":"2025-04-21T10:55:58","guid":{"rendered":"https:\/\/powderblue-ostrich-774422.hostingersite.com\/?post_type=product&#038;p=1255"},"modified":"2025-05-15T07:30:41","modified_gmt":"2025-05-15T07:30:41","slug":"apa-de-parfum-oud-wa-oud-ard-al-zaafaran-barbati-100ml","status":"publish","type":"product","link":"https:\/\/habibimb.com\/en\/product\/apa-de-parfum-oud-wa-oud-ard-al-zaafaran-barbati-100ml\/","title":{"rendered":"Oud Wa Oud, Ard Al Zaafaran"},"content":{"rendered":"<h2>Experimenta\u021bi esen\u021ba luxului<\/h2>\n<p>P\u0103\u0219e\u0219te \u00eentr-o lume a elegan\u021bei \u0219i rafinamentului cu Apa de Parfum Oud Wa Oud de Ard Al Zaafaran. Acest parfum rafinat, special conceput pentru b\u0103rba\u021bi, \u00eencapsuleaz\u0103 bog\u0103\u021bia oudului, un ingredient venerat \u00een domeniul parfumeriei. Realizat\u0103 cu o aten\u021bie meticuloas\u0103 la detalii, aceast\u0103 sticl\u0103 de parfum de 100 ml ofer\u0103 nu doar un parfum, ci \u0219i o experien\u021b\u0103 care \u00ee\u021bi ridic\u0103 prezen\u021ba.<\/p>\n<h2>Un profil unic de parfum<\/h2>\n<p>Aroma \u00eencepe cu un amestec captivant de note picante care dezv\u0103luie inima robust\u0103 a oudului. Acest amalgam vesel se transform\u0103 \u00eentr-o baz\u0103 cald\u0103, lemnoas\u0103, care creeaz\u0103 un traseu de neuitat. Pe m\u0103sur\u0103 ce parfumul se a\u0219eaz\u0103, apar nuan\u021be florale, oferind un echilibru care face ca acest parfum s\u0103 fie versatil at\u00e2t pentru zi, c\u00e2t \u0219i pentru noapte. Fie la o \u00eent\u00e2lnire formal\u0103 sau la o ie\u0219ire obi\u0219nuit\u0103, Oud Wa Oud completeaz\u0103 orice ocazie.<\/p>\n<h2>Cadoul ideal pentru gentlemanul cu discern\u0103m\u00e2nt<\/h2>\n<p>Cau\u021bi cadoul perfect pentru o persoan\u0103 drag\u0103 sau pur \u0219i simplu cau\u021bi un r\u0103sf\u0103\u021b pentru tine? Apa de Parfum Oud Wa Oud este o alegere ideal\u0103 pentru domnul cu discern\u0103m\u00e2nt. Ad\u0103postit \u00eentr-o sticl\u0103 frumos proiectat\u0103, acest parfum \u00eentruchipeaz\u0103 luxul, reflect\u00e2nd \u00een acela\u0219i timp gustul t\u0103u impecabil. Puterea sa de durat\u0103 v\u0103 asigur\u0103 c\u0103 ve\u021bi purta mirosul s\u0103u atr\u0103g\u0103tor pe tot parcursul zilei, f\u0103c\u00e2ndu-l un partener de \u00eencredere pentru aventurile dumneavoastr\u0103 zilnice.<\/p>\n<p>R\u0103sf\u0103\u021ba\u021bi-v\u0103 cu experien\u021ba remarcabil\u0103 care este Oud Wa Oud de Ard Al Zaafaran, un parfum care spune o poveste despre mo\u0219tenire, cultur\u0103 \u0219i elegan\u021b\u0103. Cu acest parfum, nu por\u021bi doar un parfum; face\u021bi o declara\u021bie. Redescoper\u0103 magia oud-ului \u0219i \u00eembr\u0103\u021bi\u0219eaz\u0103-\u021bi sinele autentic cu fiecare spritz.<\/p>","protected":false},"excerpt":{"rendered":"<p><strong>Note de v\u00e2rf:<\/strong>\u00a0Oud;<\/p>\n<p><strong>Note de mijloc:<\/strong>\u00a0\u0218ofran, T\u0103m\u00e2ie, Vetiver;<\/p>\n<p><strong>Note de baz\u0103:<\/strong>\u00a0Vanilie, Patchouli, Lemn de Santal, Ambr\u0103.<\/p>","protected":false},"featured_media":1257,"comment_status":"open","ping_status":"closed","template":"","meta":{"om_disable_all_campaigns":false,"_monsterinsights_skip_tracking":false,"_monsterinsights_sitenote_active":false,"_monsterinsights_sitenote_note":"","_monsterinsights_sitenote_category":0},"product_brand":[64],"product_cat":[55],"product_tag":[],"class_list":{"0":"post-1255","1":"product","2":"type-product","3":"status-publish","4":"has-post-thumbnail","6":"product_brand-ard-al-zaafaran","7":"product_cat-pentru-el","9":"first","10":"instock","11":"shipping-taxable","12":"purchasable","13":"product-type-simple"},"aioseo_notices":[],"ct_brands":[{"id":64,"name":"Ard Al Zaafaran","slug":"ard-al-zaafaran"}],"_links":{"self":[{"href":"https:\/\/habibimb.com\/en\/wp-json\/wp\/v2\/product\/1255","targetHints":{"allow":["GET"]}}],"collection":[{"href":"https:\/\/habibimb.com\/en\/wp-json\/wp\/v2\/product"}],"about":[{"href":"https:\/\/habibimb.com\/en\/wp-json\/wp\/v2\/types\/product"}],"replies":[{"embeddable":true,"href":"https:\/\/habibimb.com\/en\/wp-json\/wp\/v2\/comments?post=1255"}],"wp:featuredmedia":[{"embeddable":true,"href":"https:\/\/habibimb.com\/en\/wp-json\/wp\/v2\/media\/1257"}],"wp:attachment":[{"href":"https:\/\/habibimb.com\/en\/wp-json\/wp\/v2\/media?parent=1255"}],"wp:term":[{"taxonomy":"product_brand","embeddable":true,"href":"https:\/\/habibimb.com\/en\/wp-json\/wp\/v2\/product_brand?post=1255"},{"taxonomy":"product_cat","embeddable":true,"href":"https:\/\/habibimb.com\/en\/wp-json\/wp\/v2\/product_cat?post=1255"},{"taxonomy":"product_tag","embeddable":true,"href":"https:\/\/habibimb.com\/en\/wp-json\/wp\/v2\/product_tag?post=1255"}],"curies":[{"name":"wp","href":"https:\/\/api.w.org\/{rel}","templated":true}]}}