{"id":1252,"date":"2025-04-21T10:44:56","date_gmt":"2025-04-21T10:44:56","guid":{"rendered":"https:\/\/powderblue-ostrich-774422.hostingersite.com\/?post_type=product&#038;p=1252"},"modified":"2025-05-15T07:30:41","modified_gmt":"2025-05-15T07:30:41","slug":"apa-de-parfum-naqeeb-ard-al-zaafaran-barbati-100ml","status":"publish","type":"product","link":"https:\/\/habibimb.com\/en\/product\/apa-de-parfum-naqeeb-ard-al-zaafaran-barbati-100ml\/","title":{"rendered":"Naqeeb, Ard Al Zaafaran"},"content":{"rendered":"<h2>Dezl\u0103n\u021buie-\u021bi esen\u021ba cu Naqeeb<\/h2>\n<p>Descoperi\u021bi alura captivant\u0103 a <strong>Apa de Parfum Naqeeb<\/strong> de Ard Al Zaafaran, un parfum distins conceput pentru omul modern. Acest parfum rafinat \u00eembin\u0103 note bogate pentru a crea o experien\u021b\u0103 aromatic\u0103 care \u00eentruchipeaz\u0103 \u00eencrederea \u0219i rafinamentul. Fie c\u0103 te \u00eembraci pentru o ocazie special\u0103 sau vrei s\u0103-\u021bi \u00eembun\u0103t\u0103\u021be\u0219ti rutina de zi cu zi, Naqeeb este parfumul perfect care spune multe f\u0103r\u0103 a spune un cuv\u00e2nt.<\/p>\n<h2>Creat pentru gentlemanul cu discern\u0103m\u00e2nt<\/h2>\n<p>Parfumul <strong>Naqeeb<\/strong> se desf\u0103\u0219oar\u0103 cu o explozie r\u0103coritoare de citrice, preg\u0103tind scena pentru o inim\u0103 de condimente calde \u0219i nuan\u021be florale. Pe m\u0103sur\u0103 ce se dezvolt\u0103, notele de baz\u0103 profunde \u0219i lemnoase r\u0103m\u00e2n pe piele, cre\u00e2nd o aur\u0103 irezistibil\u0103 care eman\u0103 elegan\u021b\u0103 \u0219i farmec. Aceast\u0103 compozi\u021bie realizat\u0103 de exper\u021bi este conceput\u0103 pentru a rezona cu b\u0103rba\u021bii care apreciaz\u0103 nuan\u021bele \u0219i complexitatea \u00een parfumurile lor.<\/p>\n<h2>De ce s\u0103 alegi Naqeeb? Experimenta\u021bi luxul \u00een fiecare zi<\/h2>\n<p>Cu flaconul s\u0103u generos de 100 ml, Naqeeb ofer\u0103 un parfum de lung\u0103 durat\u0103 pe care \u00ee\u021bi va pl\u0103cea s\u0103-l por\u021bi zi de zi. Designul s\u0103u elegant \u00eel face un plus elegant pentru colec\u021bia ta de parfumuri sau un cadou impresionant pentru cineva special. \u00cembr\u0103\u021bi\u0219eaz\u0103 arta stratific\u0103rii parfumurilor \u0219i asorteaz\u0103 <strong>Apa de Parfum Naqeeb<\/strong> cu produse de \u00eengrijire complementare pentru o experien\u021b\u0103 \u00eembog\u0103\u021bit\u0103. Ridic\u0103-\u021bi prezen\u021ba oriunde mergi cu un parfum care las\u0103 o impresie de durat\u0103.<\/p>","protected":false},"excerpt":{"rendered":"<p><strong>Note de varf:<\/strong>\u00a0Salvie, Mandarina, Portocala<\/p>\n<p><strong>Note de mijloc:<\/strong>\u00a0Caramel, Boabe de Tonka<\/p>\n<p><strong>Note de baza:<\/strong>\u00a0Vetiver<\/p>","protected":false},"featured_media":1253,"comment_status":"open","ping_status":"closed","template":"","meta":{"om_disable_all_campaigns":false,"_monsterinsights_skip_tracking":false,"_monsterinsights_sitenote_active":false,"_monsterinsights_sitenote_note":"","_monsterinsights_sitenote_category":0},"product_brand":[64],"product_cat":[55],"product_tag":[],"class_list":{"0":"post-1252","1":"product","2":"type-product","3":"status-publish","4":"has-post-thumbnail","6":"product_brand-ard-al-zaafaran","7":"product_cat-pentru-el","9":"first","10":"outofstock","11":"shipping-taxable","12":"purchasable","13":"product-type-simple"},"aioseo_notices":[],"ct_brands":[{"id":64,"name":"Ard Al Zaafaran","slug":"ard-al-zaafaran"}],"_links":{"self":[{"href":"https:\/\/habibimb.com\/en\/wp-json\/wp\/v2\/product\/1252","targetHints":{"allow":["GET"]}}],"collection":[{"href":"https:\/\/habibimb.com\/en\/wp-json\/wp\/v2\/product"}],"about":[{"href":"https:\/\/habibimb.com\/en\/wp-json\/wp\/v2\/types\/product"}],"replies":[{"embeddable":true,"href":"https:\/\/habibimb.com\/en\/wp-json\/wp\/v2\/comments?post=1252"}],"wp:featuredmedia":[{"embeddable":true,"href":"https:\/\/habibimb.com\/en\/wp-json\/wp\/v2\/media\/1253"}],"wp:attachment":[{"href":"https:\/\/habibimb.com\/en\/wp-json\/wp\/v2\/media?parent=1252"}],"wp:term":[{"taxonomy":"product_brand","embeddable":true,"href":"https:\/\/habibimb.com\/en\/wp-json\/wp\/v2\/product_brand?post=1252"},{"taxonomy":"product_cat","embeddable":true,"href":"https:\/\/habibimb.com\/en\/wp-json\/wp\/v2\/product_cat?post=1252"},{"taxonomy":"product_tag","embeddable":true,"href":"https:\/\/habibimb.com\/en\/wp-json\/wp\/v2\/product_tag?post=1252"}],"curies":[{"name":"wp","href":"https:\/\/api.w.org\/{rel}","templated":true}]}}