{"id":1249,"date":"2025-04-21T10:40:37","date_gmt":"2025-04-21T10:40:37","guid":{"rendered":"https:\/\/powderblue-ostrich-774422.hostingersite.com\/?post_type=product&#038;p=1249"},"modified":"2025-05-15T07:30:41","modified_gmt":"2025-05-15T07:30:41","slug":"apa-de-parfum-oud-wa-oud-intense-ard-al-zaafaran-unisex-100ml","status":"publish","type":"product","link":"https:\/\/habibimb.com\/en\/product\/apa-de-parfum-oud-wa-oud-intense-ard-al-zaafaran-unisex-100ml\/","title":{"rendered":"Oud Wa Oud Intense, Ard Al Zaafaran"},"content":{"rendered":"<h2>Dezv\u0103lui\u021bi esen\u021ba luxului<\/h2>\n<p>Experimenta\u021bi parfumul captivant al <strong>Oud Wa Oud Intense<\/strong>, un amestec somptuos creat de Ard Al Zaafaran. Conceput at\u00e2t pentru b\u0103rba\u021bi, c\u00e2t \u0219i pentru femei, acest parfum unisex echilibreaz\u0103 elegant tradi\u021bia cu tendin\u021bele parfumurilor moderne, f\u0103c\u00e2ndu-l o completare atemporal\u0103 a colec\u021biei tale. Perfect pentru purtarea de zi cu zi sau pentru ocazii speciale, acest parfum rafinat va l\u0103sa o impresie de durat\u0103.<\/p>\n<h2>Profilul parfumului<\/h2>\n<p><strong>Oud Wa Oud Intense<\/strong> provine din lemnul pre\u021bios de oud, cunoscut pentru aroma sa profund\u0103 \u0219i bogat\u0103, care a fost pre\u021buit\u0103 \u00een cultura arab\u0103 de secole. Acest parfum este frumos stratificat cu note de v\u00e2rf care evoc\u0103 o primire proasp\u0103t\u0103, dar cald\u0103, captiv\u00e2nd instantaneu sim\u021burile. Inima dezv\u0103luie o esen\u021b\u0103 afumat\u0103, lemnoas\u0103, care \u00eentruchipeaz\u0103 spiritul Orientului, \u00eembinat\u0103 armonios cu note florale \u0219i picante care \u00eembog\u0103\u021besc complexitatea general\u0103. \u00cen cele din urm\u0103, notele calde de baz\u0103 persist\u0103 cu o elegan\u021b\u0103 care captiveaz\u0103, l\u0103ud\u00e2ndu-se cu o urm\u0103 de neuitat.<\/p>\n<h2>De ce s\u0103 alegi Oud Wa Oud Intense?<\/h2>\n<p>Aceast\u0103 sticl\u0103 de 100 ml de <strong>Oud Wa Oud Intense<\/strong> nu vorbe\u0219te doar despre calitate, ci \u0219i despre rafinament. Parfumul s\u0103u \u00eendr\u0103zne\u021b \u0219i carismatic \u00eel face potrivit at\u00e2t pentru zi, c\u00e2t \u0219i pentru noapte, asigur\u00e2ndu-v\u0103 c\u0103 v\u0103 sim\u021bi\u021bi \u00eentotdeauna extraordinar. Natura unisex a acestui parfum \u00eenseamn\u0103 c\u0103 poate fi \u00eemp\u0103rt\u0103\u0219it \u0219i savurat de toat\u0103 lumea, f\u0103c\u00e2ndu-l un cadou ideal pentru cei dragi sau un r\u0103sf\u0103\u021b perfect pentru tine. \u00cembun\u0103t\u0103\u021be\u0219te-\u021bi jocul de parfumuri cu un parfum care este pe c\u00e2t de versatil, pe at\u00e2t de luxos.<\/p>","protected":false},"excerpt":{"rendered":"<p>Note de varf: Oud Note de mijloc: Sofran, Tamaie, Vetiver<\/p>\n<p>Note de baza: Vanilie, Paciuli, Lemn de santal, Ambra<\/p>","protected":false},"featured_media":1250,"comment_status":"open","ping_status":"closed","template":"","meta":{"om_disable_all_campaigns":false,"_monsterinsights_skip_tracking":false,"_monsterinsights_sitenote_active":false,"_monsterinsights_sitenote_note":"","_monsterinsights_sitenote_category":0},"product_brand":[64],"product_cat":[57],"product_tag":[],"class_list":{"0":"post-1249","1":"product","2":"type-product","3":"status-publish","4":"has-post-thumbnail","6":"product_brand-ard-al-zaafaran","7":"product_cat-unisex","9":"first","10":"instock","11":"shipping-taxable","12":"purchasable","13":"product-type-simple"},"aioseo_notices":[],"ct_brands":[{"id":64,"name":"Ard Al Zaafaran","slug":"ard-al-zaafaran"}],"_links":{"self":[{"href":"https:\/\/habibimb.com\/en\/wp-json\/wp\/v2\/product\/1249","targetHints":{"allow":["GET"]}}],"collection":[{"href":"https:\/\/habibimb.com\/en\/wp-json\/wp\/v2\/product"}],"about":[{"href":"https:\/\/habibimb.com\/en\/wp-json\/wp\/v2\/types\/product"}],"replies":[{"embeddable":true,"href":"https:\/\/habibimb.com\/en\/wp-json\/wp\/v2\/comments?post=1249"}],"wp:featuredmedia":[{"embeddable":true,"href":"https:\/\/habibimb.com\/en\/wp-json\/wp\/v2\/media\/1250"}],"wp:attachment":[{"href":"https:\/\/habibimb.com\/en\/wp-json\/wp\/v2\/media?parent=1249"}],"wp:term":[{"taxonomy":"product_brand","embeddable":true,"href":"https:\/\/habibimb.com\/en\/wp-json\/wp\/v2\/product_brand?post=1249"},{"taxonomy":"product_cat","embeddable":true,"href":"https:\/\/habibimb.com\/en\/wp-json\/wp\/v2\/product_cat?post=1249"},{"taxonomy":"product_tag","embeddable":true,"href":"https:\/\/habibimb.com\/en\/wp-json\/wp\/v2\/product_tag?post=1249"}],"curies":[{"name":"wp","href":"https:\/\/api.w.org\/{rel}","templated":true}]}}