{"id":1246,"date":"2025-04-21T10:34:19","date_gmt":"2025-04-21T10:34:19","guid":{"rendered":"https:\/\/powderblue-ostrich-774422.hostingersite.com\/?post_type=product&#038;p=1246"},"modified":"2025-05-15T07:30:41","modified_gmt":"2025-05-15T07:30:41","slug":"apa-de-parfum-lil-shabab-faqat-ard-al-zaafaran-barbati-100ml","status":"publish","type":"product","link":"https:\/\/habibimb.com\/en\/product\/apa-de-parfum-lil-shabab-faqat-ard-al-zaafaran-barbati-100ml\/","title":{"rendered":"Lil Shabab Faqat ,Ard Al Zaafaran"},"content":{"rendered":"<h2>Ridic\u0103-\u021bi prezen\u021ba<\/h2>\n<p>V\u0103 prezent\u0103m Apa de Parfum Lil Shabab Faqat de la Ard Al Zaafaran, un parfum conceput pentru b\u0103rbatul modern care \u00eentruchipeaz\u0103 \u00eencrederea \u0219i individualitatea. Acest parfum rafinat capteaz\u0103 f\u0103r\u0103 efort aten\u021bia \u0219i las\u0103 o impresie de durat\u0103, f\u0103c\u00e2ndu-l un plus esen\u021bial pentru colec\u021bia ta de parfumuri.<\/p>\n<h2>Profil de parfum de neuitat<\/h2>\n<p>Lil Shabab Faqat prezint\u0103 un amestec magistral de note aromatice care creeaz\u0103 un parfum intrigant \u0219i de neuitat. Notele de deschidere v\u0103 \u00eensufle\u021besc sim\u021burile cu o explozie revigorant\u0103 de citrice, \u00een timp ce inima dezv\u0103luie un mozaic bogat de nuan\u021be florale \u0219i picante, perfect echilibrate pentru a evoca rafinamentul. \u00cen cele din urm\u0103, notele de baz\u0103 de lemn cald \u0219i mosc subtil ofer\u0103 un final profund \u0219i persistent, care v\u0103 men\u021bine proasp\u0103t pe tot parcursul zilei.<\/p>\n<h2>M\u0103iestrie de calitate<\/h2>\n<p>Realizat\u0103 cu precizie \u0219i grij\u0103, aceast\u0103 sticl\u0103 de 100 ml de Apa de Parfum ofer\u0103 at\u00e2t calitate, c\u00e2t \u0219i cantitate. Ambalajul luxos reflect\u0103 elegan\u021ba parfumului din interior \u0219i serve\u0219te ca un cadou impresionant sau un r\u0103sf\u0103\u021b personal. Fiecare pulverizare de Lil Shabab Faqat este o dovad\u0103 a angajamentului Ard Al Zaafaran fa\u021b\u0103 de excelen\u021b\u0103 \u00een parfumerie, asigur\u00e2ndu-v\u0103 c\u0103 experimenta\u021bi cele mai \u00eenalte standarde de art\u0103 a parfumurilor.<\/p>\n<p>Fie c\u0103 te \u00eembraci pentru o ocazie special\u0103 sau pur \u0219i simplu vrei s\u0103-\u021bi ridici prezen\u021ba de zi cu zi, Lil Shabab Faqat este parfumul t\u0103u preferat. Parfumul s\u0103u versatil \u00eei permite s\u0103 treac\u0103 f\u0103r\u0103 probleme de la zi la noapte, f\u0103c\u00e2ndu-l \u00eenso\u021bitorul perfect pentru orice eveniment.<\/p>\n<p>Experimenta\u021bi farmecul \u0219i rafinamentul Apa de Parfum Lil Shabab Faqat ast\u0103zi \u0219i \u00eembr\u0103\u021bi\u0219a\u021bi-v\u0103 stilul unic cu fiecare spray. Cu aroma sa captivant\u0103 \u0219i m\u0103iestria de calitate, acest parfum este mai mult dec\u00e2t un simplu parfum; este o expresie a ceea ce e\u0219ti.<\/p>","protected":false},"excerpt":{"rendered":"<p><strong>Note de Varf:<\/strong>\u00a0menta, lavanda, bergamota, grapefruit<\/p>\n<p><strong>Note de mijloc<\/strong>: trandafir, afine, mar<\/p>\n<p><strong>Note de baza:<\/strong>: floare de bumbac, cactus, cihlimbar<\/p>","protected":false},"featured_media":1248,"comment_status":"open","ping_status":"closed","template":"","meta":{"om_disable_all_campaigns":false,"_monsterinsights_skip_tracking":false,"_monsterinsights_sitenote_active":false,"_monsterinsights_sitenote_note":"","_monsterinsights_sitenote_category":0},"product_brand":[64],"product_cat":[55],"product_tag":[],"class_list":{"0":"post-1246","1":"product","2":"type-product","3":"status-publish","4":"has-post-thumbnail","6":"product_brand-ard-al-zaafaran","7":"product_cat-pentru-el","9":"first","10":"instock","11":"shipping-taxable","12":"purchasable","13":"product-type-simple"},"aioseo_notices":[],"ct_brands":[{"id":64,"name":"Ard Al Zaafaran","slug":"ard-al-zaafaran"}],"_links":{"self":[{"href":"https:\/\/habibimb.com\/en\/wp-json\/wp\/v2\/product\/1246","targetHints":{"allow":["GET"]}}],"collection":[{"href":"https:\/\/habibimb.com\/en\/wp-json\/wp\/v2\/product"}],"about":[{"href":"https:\/\/habibimb.com\/en\/wp-json\/wp\/v2\/types\/product"}],"replies":[{"embeddable":true,"href":"https:\/\/habibimb.com\/en\/wp-json\/wp\/v2\/comments?post=1246"}],"wp:featuredmedia":[{"embeddable":true,"href":"https:\/\/habibimb.com\/en\/wp-json\/wp\/v2\/media\/1248"}],"wp:attachment":[{"href":"https:\/\/habibimb.com\/en\/wp-json\/wp\/v2\/media?parent=1246"}],"wp:term":[{"taxonomy":"product_brand","embeddable":true,"href":"https:\/\/habibimb.com\/en\/wp-json\/wp\/v2\/product_brand?post=1246"},{"taxonomy":"product_cat","embeddable":true,"href":"https:\/\/habibimb.com\/en\/wp-json\/wp\/v2\/product_cat?post=1246"},{"taxonomy":"product_tag","embeddable":true,"href":"https:\/\/habibimb.com\/en\/wp-json\/wp\/v2\/product_tag?post=1246"}],"curies":[{"name":"wp","href":"https:\/\/api.w.org\/{rel}","templated":true}]}}