{"id":1242,"date":"2025-04-21T10:30:22","date_gmt":"2025-04-21T10:30:22","guid":{"rendered":"https:\/\/powderblue-ostrich-774422.hostingersite.com\/?post_type=product&#038;p=1242"},"modified":"2025-05-15T07:30:41","modified_gmt":"2025-05-15T07:30:41","slug":"apa-de-parfum-mousuf-wardi-ard-al-zaafaran-femei-100ml","status":"publish","type":"product","link":"https:\/\/habibimb.com\/en\/product\/apa-de-parfum-mousuf-wardi-ard-al-zaafaran-femei-100ml\/","title":{"rendered":"Mousuf Wardi, Ard Al Zaafaran"},"content":{"rendered":"<h2>Descoperi\u021bi esen\u021ba atr\u0103g\u0103toare a Mousuf Wardi<\/h2>\n<p>Experimenta\u021bi parfumul \u00eenc\u00e2nt\u0103tor al Apa de Parfum Mousuf Wardi de Ard Al Zaafaran &#8211; un parfum creat pentru femeia modern\u0103 care \u00ee\u0219i \u00eembr\u0103\u021bi\u0219eaz\u0103 feminitatea cu gra\u021bie \u0219i \u00eencredere. Acest parfum rafinat captiveaz\u0103 sim\u021burile \u0219i las\u0103 o impresie de durat\u0103, f\u0103c\u00e2ndu-l completarea perfect\u0103 pentru orice colec\u021bie de parfumuri. Amestecul s\u0103u unic de note florale \u0219i lemnoase evoc\u0103 un sentiment de elegan\u021b\u0103 \u0219i rafinament.<\/p>\n<h2>Un parfum inspirat de natur\u0103<\/h2>\n<p>Mousuf Wardi este o s\u0103rb\u0103toare a celor mai delicate flori ale naturii, combinate complicat pentru a crea un parfum care vorbe\u0219te inimii. Notele de v\u00e2rf sunt vibrante \u0219i proaspete, cu note de trandafiri \u00eenflori\u021bi \u0219i fructe dulci care \u00ee\u021bi trezesc sim\u021burile. Pe m\u0103sur\u0103 ce parfumul se desf\u0103\u0219oar\u0103, notele de mijloc dezv\u0103luie o inim\u0103 de iasomie \u0219i flori albe delicate, ad\u0103ug\u00e2nd profunzime \u0219i bog\u0103\u021bie. Notele de baz\u0103 de chihlimbar cald \u0219i lemn de santal ofer\u0103 un finisaj reconfortant, asigur\u00e2ndu-se c\u0103 acest parfum persist\u0103 frumos pe tot parcursul zilei.<\/p>\n<h2>De lung\u0103 durat\u0103 \u0219i versatil<\/h2>\n<p>Aceast\u0103 sticl\u0103 de 100 ml de Apa de Parfum nu este doar conceput\u0103 pentru a fi uimitoare din punct de vedere vizual, dar ofer\u0103 \u0219i o purtare de lung\u0103 durat\u0103 care v\u0103 va purta de la zi la noapte. Fie c\u0103 merge\u021bi la birou, participa\u021bi la un eveniment special sau v\u0103 bucura\u021bi de o zi informal\u0103, Mousuf Wardi se adapteaz\u0103 f\u0103r\u0103 efort la orice ocazie. Natura sa versatil\u0103 \u00eel face cadoul ideal pentru tine sau pentru o persoan\u0103 drag\u0103 care apreciaz\u0103 parfumurile de \u00eenalt\u0103 calitate.<\/p>\n<p>\u00cembun\u0103t\u0103\u021be\u0219te-\u021bi jocul de parfumuri cu farmecul irezistibil al Apa de Parfum Mousuf Wardi de Ard Al Zaafaran. Surprinde esen\u021ba feminit\u0103\u021bii \u0219i f\u0103 fiecare moment memorabil.<\/p>","protected":false},"excerpt":{"rendered":"<p>Inspirat din Angel Nova Mugler<\/p>\n<p><strong>Note de varf:<\/strong>\u00a0Litchii rosii, Rubarba, Capsuni<\/p>\n<p><strong>Note de mijloc:<\/strong>\u00a0<strong>trandafir<\/strong>,\u00a0<strong>vanilie<\/strong>, Mar<\/p>\n<p><strong>Note de baza:<\/strong>\u00a0<strong>mosc<\/strong>\u00a0alb, Cashmeran<\/p>","protected":false},"featured_media":1243,"comment_status":"open","ping_status":"closed","template":"","meta":{"om_disable_all_campaigns":false,"_monsterinsights_skip_tracking":false,"_monsterinsights_sitenote_active":false,"_monsterinsights_sitenote_note":"","_monsterinsights_sitenote_category":0},"product_brand":[64],"product_cat":[56],"product_tag":[],"class_list":{"0":"post-1242","1":"product","2":"type-product","3":"status-publish","4":"has-post-thumbnail","6":"product_brand-ard-al-zaafaran","7":"product_cat-pentru-ea","9":"first","10":"instock","11":"shipping-taxable","12":"purchasable","13":"product-type-simple"},"aioseo_notices":[],"ct_brands":[{"id":64,"name":"Ard Al Zaafaran","slug":"ard-al-zaafaran"}],"_links":{"self":[{"href":"https:\/\/habibimb.com\/en\/wp-json\/wp\/v2\/product\/1242","targetHints":{"allow":["GET"]}}],"collection":[{"href":"https:\/\/habibimb.com\/en\/wp-json\/wp\/v2\/product"}],"about":[{"href":"https:\/\/habibimb.com\/en\/wp-json\/wp\/v2\/types\/product"}],"replies":[{"embeddable":true,"href":"https:\/\/habibimb.com\/en\/wp-json\/wp\/v2\/comments?post=1242"}],"wp:featuredmedia":[{"embeddable":true,"href":"https:\/\/habibimb.com\/en\/wp-json\/wp\/v2\/media\/1243"}],"wp:attachment":[{"href":"https:\/\/habibimb.com\/en\/wp-json\/wp\/v2\/media?parent=1242"}],"wp:term":[{"taxonomy":"product_brand","embeddable":true,"href":"https:\/\/habibimb.com\/en\/wp-json\/wp\/v2\/product_brand?post=1242"},{"taxonomy":"product_cat","embeddable":true,"href":"https:\/\/habibimb.com\/en\/wp-json\/wp\/v2\/product_cat?post=1242"},{"taxonomy":"product_tag","embeddable":true,"href":"https:\/\/habibimb.com\/en\/wp-json\/wp\/v2\/product_tag?post=1242"}],"curies":[{"name":"wp","href":"https:\/\/api.w.org\/{rel}","templated":true}]}}