{"id":1238,"date":"2025-04-21T10:16:41","date_gmt":"2025-04-21T10:16:41","guid":{"rendered":"https:\/\/powderblue-ostrich-774422.hostingersite.com\/?post_type=product&#038;p=1238"},"modified":"2025-05-15T07:30:41","modified_gmt":"2025-05-15T07:30:41","slug":"apa-de-parfum-al-sayaad-ard-al-zaafaran-femei-100-ml","status":"publish","type":"product","link":"https:\/\/habibimb.com\/en\/product\/apa-de-parfum-al-sayaad-ard-al-zaafaran-femei-100-ml\/","title":{"rendered":"Al Sayaad, Ard Al Zaafaran , 100"},"content":{"rendered":"<h2>Descoperi\u021bi esen\u021ba lui Al Sayaad<\/h2>\n<p>V\u0103 prezent\u0103m Apa de Parfum Al Sayaad de la Ard Al Zaafaran, un parfum conceput pentru femeile care \u00ee\u0219i \u00eembr\u0103\u021bi\u0219eaz\u0103 individualitatea \u0219i rafinamentul. Acest parfum rafinat \u00eencapsuleaz\u0103 amestecul perfect de lux bogat \u0219i note aromatice captivante care vor l\u0103sa o impresie de neuitat. Cu fiecare pulverizare, porni\u021bi \u00eentr-o c\u0103l\u0103torie senzorial\u0103, ridic\u00e2ndu-v\u0103 prezen\u021ba \u00een orice decor.<\/p>\n<h2>Note care captiveaz\u0103 \u0219i inspir\u0103<\/h2>\n<p>Al Sayaad se deschide cu o explozie de note de v\u00e2rf r\u0103coritoare, oferind o introducere str\u0103lucitoare care ispite\u0219te sim\u021burile. Pe m\u0103sur\u0103 ce parfumul se a\u0219eaz\u0103, notele de mijloc dezv\u0103luie un buchet de elegan\u021b\u0103 floral\u0103, amestec\u00e2ndu-se cu condimente subtile care adaug\u0103 profunzime \u0219i caracter. Notele de baz\u0103 culmineaz\u0103 \u00eentr-o \u00eembr\u0103\u021bi\u0219are cald\u0103 de chihlimbar, mosc \u0219i lemn de santal, oferind o arom\u0103 persistent\u0103 care r\u0103m\u00e2ne cu tine pe tot parcursul zilei. Acest echilibru bine realizat face din Apa de Parfum Al Sayaad o alegere cu adev\u0103rat versatil\u0103, potrivit\u0103 at\u00e2t pentru zi, c\u00e2t \u0219i pentru sear\u0103.<\/p>\n<h2>Cadoul perfect pentru orice ocazie<\/h2>\n<p>Fie c\u0103 v\u0103 r\u0103sf\u0103\u021ba\u021bi sau c\u0103uta\u021bi acel cadou ideal pentru o persoan\u0103 drag\u0103, Apa de Parfum Al Sayaad este o comoar\u0103 atemporal\u0103. G\u0103zduit \u00eentr-o sticl\u0103 cu design elegant, acest parfum de 100 ml nu numai c\u0103 promite s\u0103-\u021bi \u00eenal\u021be spiritul, dar serve\u0219te \u0219i ca un plus uimitor pentru orice colec\u021bie de parfumuri. Designul rafinat reflect\u0103 bog\u0103\u021bia parfumului din interior, f\u0103c\u00e2ndu-l o alegere atractiv\u0103 pentru cadouri la ocazii speciale, cum ar fi zile de na\u0219tere, anivers\u0103ri sau s\u0103rb\u0103tori. \u00cembun\u0103t\u0103\u021be\u0219te-\u021bi jocul de parfumuri cu farmecul irezistibil al lui Al Sayaad.<\/p>","protected":false},"excerpt":{"rendered":"<table class=\"woocommerce-product-attributes shop_attributes\">\n<tbody>\n<tr class=\"woocommerce-product-attributes-item woocommerce-product-attributes-item--attribute_pa_main-accords\">\n<th class=\"woocommerce-product-attributes-item__label\">Note de baza<\/th>\n<td class=\"woocommerce-product-attributes-item__value\">Aromate, Chihlimbar, Conifere, De animale, De metal, Lemnoase, Proasp\u0103t, Proasp\u0103t picante, Proaspete<\/td>\n<\/tr>\n<\/tbody>\n<\/table>","protected":false},"featured_media":1239,"comment_status":"open","ping_status":"closed","template":"","meta":{"om_disable_all_campaigns":false,"_monsterinsights_skip_tracking":false,"_monsterinsights_sitenote_active":false,"_monsterinsights_sitenote_note":"","_monsterinsights_sitenote_category":0},"product_brand":[64],"product_cat":[56],"product_tag":[],"class_list":{"0":"post-1238","1":"product","2":"type-product","3":"status-publish","4":"has-post-thumbnail","6":"product_brand-ard-al-zaafaran","7":"product_cat-pentru-ea","9":"first","10":"instock","11":"shipping-taxable","12":"purchasable","13":"product-type-simple"},"aioseo_notices":[],"ct_brands":[{"id":64,"name":"Ard Al Zaafaran","slug":"ard-al-zaafaran"}],"_links":{"self":[{"href":"https:\/\/habibimb.com\/en\/wp-json\/wp\/v2\/product\/1238","targetHints":{"allow":["GET"]}}],"collection":[{"href":"https:\/\/habibimb.com\/en\/wp-json\/wp\/v2\/product"}],"about":[{"href":"https:\/\/habibimb.com\/en\/wp-json\/wp\/v2\/types\/product"}],"replies":[{"embeddable":true,"href":"https:\/\/habibimb.com\/en\/wp-json\/wp\/v2\/comments?post=1238"}],"wp:featuredmedia":[{"embeddable":true,"href":"https:\/\/habibimb.com\/en\/wp-json\/wp\/v2\/media\/1239"}],"wp:attachment":[{"href":"https:\/\/habibimb.com\/en\/wp-json\/wp\/v2\/media?parent=1238"}],"wp:term":[{"taxonomy":"product_brand","embeddable":true,"href":"https:\/\/habibimb.com\/en\/wp-json\/wp\/v2\/product_brand?post=1238"},{"taxonomy":"product_cat","embeddable":true,"href":"https:\/\/habibimb.com\/en\/wp-json\/wp\/v2\/product_cat?post=1238"},{"taxonomy":"product_tag","embeddable":true,"href":"https:\/\/habibimb.com\/en\/wp-json\/wp\/v2\/product_tag?post=1238"}],"curies":[{"name":"wp","href":"https:\/\/api.w.org\/{rel}","templated":true}]}}