{"id":1234,"date":"2025-04-21T09:17:44","date_gmt":"2025-04-21T09:17:44","guid":{"rendered":"https:\/\/powderblue-ostrich-774422.hostingersite.com\/?post_type=product&#038;p=1234"},"modified":"2025-10-02T11:36:15","modified_gmt":"2025-10-02T11:36:15","slug":"apa-de-parfum-manasib-ard-al-zaafaran-femei-100ml","status":"publish","type":"product","link":"https:\/\/habibimb.com\/en\/product\/apa-de-parfum-manasib-ard-al-zaafaran-femei-100ml\/","title":{"rendered":"Manasib, Ard Al Zaafaran"},"content":{"rendered":"<h2>Experimenta\u021bi esen\u021ba elegan\u021bei<\/h2>\n<p>Descoperi\u021bi farmecul captivant al Apa de Parfum Manasib de Ard Al Zaafaran. Acest parfum rafinat pentru femei este conceput pentru cei care apreciaz\u0103 luxul \u0219i elegan\u021ba \u00een via\u021ba lor de zi cu zi. \u00cenvelit \u00eentr-o sticl\u0103 uimitoare de 100 ml, acest parfum nu serve\u0219te doar ca o \u00eenc\u00e2ntare olfactiv\u0103, ci \u0219i ca un plus sofisticat pentru toaleta ta.<\/p>\n<h2>Note sofisticate care \u00eenc\u00e2nt\u0103<\/h2>\n<p>Apa de Parfum Manasib se deschide cu un amestec \u00eenc\u00e2nt\u0103tor de note florale \u0219i fructate, cre\u00e2nd o aur\u0103 proasp\u0103t\u0103 \u0219i primitoare. Inima dezv\u0103luie un buchet de flori somptuoase, perfect echilibrate cu condimente bogate care evoc\u0103 un sentiment de c\u0103ldur\u0103 \u0219i profunzime. \u00cen cele din urm\u0103, notele de baz\u0103 de vanilie cremoas\u0103 \u0219i lemn de santal neted persist\u0103 frumos, l\u0103s\u00e2nd o urm\u0103 de elegan\u021b\u0103 oriunde te-ai duce. Aceast\u0103 compozi\u021bie meticuloas\u0103 este ceea ce face din acest parfum un \u00eenso\u021bitor perfect pentru orice ocazie.<\/p>\n<h2>Ideal pentru orice ocazie<\/h2>\n<p>Fie c\u0103 este vorba de o zi la birou sau de o ie\u0219ire \u00een ora\u0219, Apa de Parfum Manasib face o tranzi\u021bie perfect\u0103 cu tine. Profilul s\u0103u de parfum versatil este potrivit pentru fiecare moment &#8211; face\u021bi o declara\u021bie \u00een timpul unei \u00eent\u00e2lniri de afaceri sau s\u0103rb\u0103tori\u021bi dragostea la o dat\u0103 special\u0103. Calitatea de lung\u0103 durat\u0103 v\u0103 asigur\u0103 c\u0103 r\u0103m\u00e2ne\u021bi \u00eenv\u0103luit \u00een acest parfum luxos ore \u00eentregi, f\u0103c\u00e2ndu-v\u0103 s\u0103 v\u0103 sim\u021bi\u021bi \u00eencrez\u0103tori \u0219i \u00eemputernici\u021bi.<\/p>","protected":false},"excerpt":{"rendered":"<p><strong>Note de baz\u0103:<\/strong>\u00a0mosc, note lemnoase<br \/>\n<strong>Note de mijloc:\u00a0<\/strong>cedru, ambra, lamaie<br \/>\n<strong>Note de v\u00e2rf:<\/strong>sofran, iasomie<\/p>","protected":false},"featured_media":1235,"comment_status":"open","ping_status":"closed","template":"","meta":{"om_disable_all_campaigns":false,"_monsterinsights_skip_tracking":false,"_monsterinsights_sitenote_active":false,"_monsterinsights_sitenote_note":"","_monsterinsights_sitenote_category":0},"product_brand":[64],"product_cat":[56],"product_tag":[],"class_list":{"0":"post-1234","1":"product","2":"type-product","3":"status-publish","4":"has-post-thumbnail","6":"product_brand-ard-al-zaafaran","7":"product_cat-pentru-ea","9":"first","10":"outofstock","11":"shipping-taxable","12":"purchasable","13":"product-type-simple"},"aioseo_notices":[],"ct_brands":[{"id":64,"name":"Ard Al Zaafaran","slug":"ard-al-zaafaran"}],"_links":{"self":[{"href":"https:\/\/habibimb.com\/en\/wp-json\/wp\/v2\/product\/1234","targetHints":{"allow":["GET"]}}],"collection":[{"href":"https:\/\/habibimb.com\/en\/wp-json\/wp\/v2\/product"}],"about":[{"href":"https:\/\/habibimb.com\/en\/wp-json\/wp\/v2\/types\/product"}],"replies":[{"embeddable":true,"href":"https:\/\/habibimb.com\/en\/wp-json\/wp\/v2\/comments?post=1234"}],"wp:featuredmedia":[{"embeddable":true,"href":"https:\/\/habibimb.com\/en\/wp-json\/wp\/v2\/media\/1235"}],"wp:attachment":[{"href":"https:\/\/habibimb.com\/en\/wp-json\/wp\/v2\/media?parent=1234"}],"wp:term":[{"taxonomy":"product_brand","embeddable":true,"href":"https:\/\/habibimb.com\/en\/wp-json\/wp\/v2\/product_brand?post=1234"},{"taxonomy":"product_cat","embeddable":true,"href":"https:\/\/habibimb.com\/en\/wp-json\/wp\/v2\/product_cat?post=1234"},{"taxonomy":"product_tag","embeddable":true,"href":"https:\/\/habibimb.com\/en\/wp-json\/wp\/v2\/product_tag?post=1234"}],"curies":[{"name":"wp","href":"https:\/\/api.w.org\/{rel}","templated":true}]}}