{"id":1225,"date":"2025-04-21T09:08:36","date_gmt":"2025-04-21T09:08:36","guid":{"rendered":"https:\/\/powderblue-ostrich-774422.hostingersite.com\/?post_type=product&#038;p=1225"},"modified":"2025-05-15T07:30:41","modified_gmt":"2025-05-15T07:30:41","slug":"apa-de-parfum-fakhar-al-oud-ard-al-zaafaran-barbati-100ml","status":"publish","type":"product","link":"https:\/\/habibimb.com\/en\/product\/apa-de-parfum-fakhar-al-oud-ard-al-zaafaran-barbati-100ml\/","title":{"rendered":"Fakhar Al Oud ,Ard Al Zaafaran"},"content":{"rendered":"<h2>R\u0103sf\u0103\u021ba\u021bi-v\u0103 cu opulen\u021ba<\/h2>\n<p>P\u0103\u0219i\u021bi \u00eentr-o lume a rafinamentului cu Apa de Parfum Fakhar Al Oud de Ard Al Zaafaran. Acest parfum rafinat, croit pentru b\u0103rba\u021bi, surprinde esen\u021ba luxului \u00eentr-o sticl\u0103 de 100 ml. Perfect pentru orice ocazie, ofer\u0103 un amestec \u00eenc\u00e2nt\u0103tor care rezoneaz\u0103 cu farmecul Orientului Mijlociu \u0219i elegan\u021ba modern\u0103.<\/p>\n<h2>Un amestec armonios de note<\/h2>\n<p>Fakhar Al Oud prezint\u0103 o compozi\u021bie ispititoare care se desf\u0103\u0219oar\u0103 cu note de v\u00e2rf de citrice proaspete \u0219i condimente exotice, duc\u00e2nd la o inim\u0103 care eman\u0103 un oud bogat \u0219i p\u0103m\u00e2ntesc. Uscatul dezv\u0103luie note de baz\u0103 calde, lemnoase, \u00eembun\u0103t\u0103\u021bite de note subtile de chihlimbar \u0219i mosc. Aceast\u0103 stratificare complicat\u0103 creeaz\u0103 un parfum care este at\u00e2t captivant, c\u00e2t \u0219i captivant, f\u0103c\u00e2ndu-l un plus indispensabil pentru colec\u021bia ta de parfumuri.<\/p>\n<h2>Cadoul perfect pentru b\u0103rbatul modern<\/h2>\n<p>Ambalajul elegant face din Fakhar Al Oud un cadou ideal pentru domnul exigent. Fie c\u0103 s\u0103rb\u0103tori\u021bi o ocazie special\u0103 sau pur \u0219i simplu dori\u021bi s\u0103 \u00eenc\u00e2nta\u021bi o persoan\u0103 drag\u0103, acest parfum \u00eentruchipeaz\u0103 rafinamentul \u0219i gustul. Surprinde\u021bi pe cineva special sau r\u0103sf\u0103\u021ba\u021bi-v\u0103 cu acest parfum luxos care va l\u0103sa cu siguran\u021b\u0103 o impresie de durat\u0103.<\/p>\n<p>Cu atrac\u021bia sa captivant\u0103, Apa de Parfum Fakhar Al Oud nu este doar un parfum; este o declara\u021bie. \u00cembr\u0103\u021bi\u0219eaz\u0103 farmecul acestui parfum \u0219i las\u0103-l s\u0103-\u021bi ridice experien\u021ba de zi cu zi. Descoperi\u021bi magia Oud ast\u0103zi!<\/p>","protected":false},"excerpt":{"rendered":"<div>Inspirat din Haltane Parfums de\u00a0Marly<\/div>\n<p>Note de varf: sofran, lemn de Agar (Oud), nucsoara, ulei Cypriol<br \/>\nNote de mijloc: rasina Gurjan, lemn de santal, cedru, lemn de guaiac, paciuli, iasomie<br \/>\nNote de baza: mosc, lemn de Agar (Oud), ambra, vanilie, boabe de tonka<\/p>","protected":false},"featured_media":1231,"comment_status":"open","ping_status":"closed","template":"","meta":{"om_disable_all_campaigns":false,"_monsterinsights_skip_tracking":false,"_monsterinsights_sitenote_active":false,"_monsterinsights_sitenote_note":"","_monsterinsights_sitenote_category":0},"product_brand":[64],"product_cat":[55],"product_tag":[],"class_list":{"0":"post-1225","1":"product","2":"type-product","3":"status-publish","4":"has-post-thumbnail","6":"product_brand-ard-al-zaafaran","7":"product_cat-pentru-el","9":"first","10":"instock","11":"shipping-taxable","12":"purchasable","13":"product-type-simple"},"aioseo_notices":[],"ct_brands":[{"id":64,"name":"Ard Al Zaafaran","slug":"ard-al-zaafaran"}],"_links":{"self":[{"href":"https:\/\/habibimb.com\/en\/wp-json\/wp\/v2\/product\/1225","targetHints":{"allow":["GET"]}}],"collection":[{"href":"https:\/\/habibimb.com\/en\/wp-json\/wp\/v2\/product"}],"about":[{"href":"https:\/\/habibimb.com\/en\/wp-json\/wp\/v2\/types\/product"}],"replies":[{"embeddable":true,"href":"https:\/\/habibimb.com\/en\/wp-json\/wp\/v2\/comments?post=1225"}],"wp:featuredmedia":[{"embeddable":true,"href":"https:\/\/habibimb.com\/en\/wp-json\/wp\/v2\/media\/1231"}],"wp:attachment":[{"href":"https:\/\/habibimb.com\/en\/wp-json\/wp\/v2\/media?parent=1225"}],"wp:term":[{"taxonomy":"product_brand","embeddable":true,"href":"https:\/\/habibimb.com\/en\/wp-json\/wp\/v2\/product_brand?post=1225"},{"taxonomy":"product_cat","embeddable":true,"href":"https:\/\/habibimb.com\/en\/wp-json\/wp\/v2\/product_cat?post=1225"},{"taxonomy":"product_tag","embeddable":true,"href":"https:\/\/habibimb.com\/en\/wp-json\/wp\/v2\/product_tag?post=1225"}],"curies":[{"name":"wp","href":"https:\/\/api.w.org\/{rel}","templated":true}]}}