{"id":1221,"date":"2025-04-21T09:01:16","date_gmt":"2025-04-21T09:01:16","guid":{"rendered":"https:\/\/powderblue-ostrich-774422.hostingersite.com\/?post_type=product&#038;p=1221"},"modified":"2025-11-21T06:49:28","modified_gmt":"2025-11-21T06:49:28","slug":"apa-de-parfum-midnight-oud-ard-al-zaafaraunisex-100ml","status":"publish","type":"product","link":"https:\/\/habibimb.com\/en\/product\/apa-de-parfum-midnight-oud-ard-al-zaafaraunisex-100ml\/","title":{"rendered":"Midnight Oud, Ard Al Zaafara"},"content":{"rendered":"<h2>Descoperi\u021bi esen\u021ba Midnight Oud<\/h2>\n<p>\u00cembun\u0103t\u0103\u021be\u0219te-\u021bi colec\u021bia de parfumuri cu \u00eenc\u00e2nt\u0103torul Apa de Parfum Midnight Oud de Ard Al Zaafara. Acest parfum unisex rafinat ofer\u0103 un amestec armonios de note bogate \u0219i calde care ademenesc \u0219i captiveaz\u0103 sim\u021burile. Creat pentru cei care apreciaz\u0103 lucrurile mai bune din via\u021b\u0103, Midnight Oud este conceput pentru a l\u0103sa o impresie de durat\u0103, f\u0103c\u00e2ndu-l alegerea perfect\u0103 at\u00e2t pentru zi, c\u00e2t \u0219i pentru noapte.<\/p>\n<h2>Dezv\u0103lui\u021bi profilul unic al parfumului<\/h2>\n<p>Midnight Oud \u00ee\u0219i dezv\u0103luie complexitatea printr-o compozi\u021bie complicat\u0103, echilibr\u00e2nd perfect notele de v\u00e2rf de dulcea\u021b\u0103 floral\u0103 cu o baz\u0103 bogat\u0103, afumat\u0103. Inima este accentuat\u0103 cu nuan\u021be profunde, p\u0103m\u00e2ntii, prezent\u00e2nd calitatea luxoas\u0103 a oudului, un ingredient pre\u021bios \u00een parfumerie. Fiecare spritz te transport\u0103 \u00een locuri exotice, \u00eenv\u0103luindu-te \u00eentr-o aur\u0103 de rafinament \u0219i mister.<\/p>\n<h2>Perfect pentru orice ocazie<\/h2>\n<p>Acest parfum unisex versatil este frumos potrivit pentru orice eveniment, fie c\u0103 este vorba de o adunare special\u0103 sau de o ie\u0219ire casual. \u00cembr\u0103\u021bi\u0219eaz\u0103 noaptea sau lumineaz\u0103-\u021bi ziua cu parfumul atr\u0103g\u0103tor care flateaz\u0103 at\u00e2t b\u0103rba\u021bii, c\u00e2t \u0219i femeile. Sticla elegant\u0103 de 100 ml adaug\u0103 o not\u0103 de rafinament toaletei, f\u0103c\u00e2ndu-l nu numai un r\u0103sf\u0103\u021b pentru sim\u021buri, ci \u0219i o pies\u0103 de decor uimitoare.<\/p>\n<p>R\u0103sf\u0103\u021ba\u021bi-v\u0103 cu experien\u021ba de lux a Apa de Parfum Midnight Oud de Ard Al Zaafara. Cu amestecul s\u0103u excep\u021bional de oud p\u0103m\u00e2ntesc \u0219i note florale, acest parfum aduce un omagiu m\u0103iestriei parfumeriei. Dezl\u0103n\u021buie-\u021bi farmecul interior cu un singur spray \u0219i f\u0103 fiecare moment memorabil.<\/p>","protected":false},"excerpt":{"rendered":"<p>Inspirat din Interlude Man Amouge<\/p>\n<ul>\n<li><b>Note de varf:<\/b>\u00a0piper negru si lemn de agar (oud);<\/li>\n<li><b>Note de mijloc:\u00a0<\/b>tamaie si chimen;<\/li>\n<li><b>Note de baza:<\/b>\u00a0vanilie si lemn de agar (oud).<\/li>\n<\/ul>","protected":false},"featured_media":1222,"comment_status":"open","ping_status":"closed","template":"","meta":{"om_disable_all_campaigns":false,"_monsterinsights_skip_tracking":false,"_monsterinsights_sitenote_active":false,"_monsterinsights_sitenote_note":"","_monsterinsights_sitenote_category":0},"product_brand":[64],"product_cat":[57],"product_tag":[],"class_list":{"0":"post-1221","1":"product","2":"type-product","3":"status-publish","4":"has-post-thumbnail","6":"product_brand-ard-al-zaafaran","7":"product_cat-unisex","9":"first","10":"instock","11":"shipping-taxable","12":"purchasable","13":"product-type-simple"},"aioseo_notices":[],"ct_brands":[{"id":64,"name":"Ard Al Zaafaran","slug":"ard-al-zaafaran"}],"_links":{"self":[{"href":"https:\/\/habibimb.com\/en\/wp-json\/wp\/v2\/product\/1221","targetHints":{"allow":["GET"]}}],"collection":[{"href":"https:\/\/habibimb.com\/en\/wp-json\/wp\/v2\/product"}],"about":[{"href":"https:\/\/habibimb.com\/en\/wp-json\/wp\/v2\/types\/product"}],"replies":[{"embeddable":true,"href":"https:\/\/habibimb.com\/en\/wp-json\/wp\/v2\/comments?post=1221"}],"wp:featuredmedia":[{"embeddable":true,"href":"https:\/\/habibimb.com\/en\/wp-json\/wp\/v2\/media\/1222"}],"wp:attachment":[{"href":"https:\/\/habibimb.com\/en\/wp-json\/wp\/v2\/media?parent=1221"}],"wp:term":[{"taxonomy":"product_brand","embeddable":true,"href":"https:\/\/habibimb.com\/en\/wp-json\/wp\/v2\/product_brand?post=1221"},{"taxonomy":"product_cat","embeddable":true,"href":"https:\/\/habibimb.com\/en\/wp-json\/wp\/v2\/product_cat?post=1221"},{"taxonomy":"product_tag","embeddable":true,"href":"https:\/\/habibimb.com\/en\/wp-json\/wp\/v2\/product_tag?post=1221"}],"curies":[{"name":"wp","href":"https:\/\/api.w.org\/{rel}","templated":true}]}}