{"id":1215,"date":"2025-04-21T07:07:11","date_gmt":"2025-04-21T07:07:11","guid":{"rendered":"https:\/\/powderblue-ostrich-774422.hostingersite.com\/?post_type=product&#038;p=1215"},"modified":"2025-12-16T09:51:52","modified_gmt":"2025-12-16T09:51:52","slug":"apa-de-parfum-al-ibdaa-ard-al-zaafaran-barbati-100-ml","status":"publish","type":"product","link":"https:\/\/habibimb.com\/en\/product\/apa-de-parfum-al-ibdaa-ard-al-zaafaran-barbati-100-ml\/","title":{"rendered":"Al Ibdaa , Ard Al Zaafaran, 100"},"content":{"rendered":"<h2>\u00cencepe c\u0103l\u0103toria ta cu parfumuri<\/h2>\n<p>Experimenta\u021bi un parfum remarcabil care \u00eentruchipeaz\u0103 elegan\u021ba \u0219i rafinamentul cu <strong>Apa de Parfum Al Ibdaa<\/strong> de Ard Al Zaafaran. Creat special pentru b\u0103rbatul modern, acest parfum rafinat ofer\u0103 un amestec captivant care rezoneaz\u0103 cu for\u021b\u0103 \u0219i carism\u0103. Perfect pentru orice ocazie, transform\u0103 obi\u0219nuitul \u00eentr-o experien\u021b\u0103 olfactiv\u0103 extraordinar\u0103.<\/p>\n<h2>Un amestec unic de note<\/h2>\n<p>Parfumul se deschide cu o explozie proasp\u0103t\u0103 de citrice care treze\u0219te sim\u021burile, urmat\u0103 delicat de note de mijloc de condimente bogate \u0219i acorduri florale. Pe m\u0103sur\u0103 ce se ad\u00e2nce\u0219te, notele calde de baz\u0103 de lemn \u0219i chihlimbar creeaz\u0103 o impresie de durat\u0103 care persist\u0103 pe tot parcursul zilei. Acest amestec armonios v\u0103 asigur\u0103 nu numai c\u0103 mirosi\u021bi grozav, ci \u0219i c\u0103 v\u0103 sim\u021bi\u021bi \u00eencrez\u0103tori \u0219i rafina\u021bi la fiecare pulverizare.<\/p>\n<h2>De ce s\u0103 alegi Apa de Parfum Al Ibdaa?<\/h2>\n<p>Alegerea <strong>Apa de Parfum Al Ibdaa<\/strong> \u00eenseamn\u0103 mai mult dec\u00e2t selectarea unui parfum; este vorba despre \u00eembr\u0103\u021bi\u0219area unui stil de via\u021b\u0103 caracterizat de rafinament \u0219i stil. Fie c\u0103 te \u00eendrep\u021bi spre o \u00eent\u00e2lnire de afaceri, o cin\u0103 romantic\u0103 sau o ie\u0219ire casual, acest parfum este partenerul t\u0103u perfect. Mirosul subtil, dar de impact, las\u0103 o urm\u0103 de intrig\u0103, f\u0103c\u00e2ndu-i pe al\u021bii s\u0103 observe.<\/p>\n<p>Conceput\u0103 cu o aten\u021bie meticuloas\u0103 la detalii, flaconul de 100 ml eman\u0103 elegan\u021b\u0103 prin designul s\u0103u elegant, f\u0103c\u00e2ndu-l un plus perfect pentru colec\u021bia ta sau un cadou ideal pentru o persoan\u0103 special\u0103. \u00cembun\u0103t\u0103\u021be\u0219te-\u021bi rutina zilnic\u0103 \u0219i f\u0103 o declara\u021bie cu fiecare pulverizare a acestui parfum de lux.<\/p>\n<p>Dezv\u0103luie misterul <strong>Apa de Parfum Al Ibdaa<\/strong> \u0219i las\u0103-l s\u0103-\u021bi spun\u0103 povestea. \u00cembr\u0103\u021bi\u0219eaz\u0103 esen\u021ba masculinit\u0103\u021bii moderne ast\u0103zi.<\/p>","protected":false},"excerpt":{"rendered":"<p>Inspirat din Emblem Intense Montblanc<\/p>","protected":false},"featured_media":1217,"comment_status":"open","ping_status":"closed","template":"","meta":{"om_disable_all_campaigns":false,"_monsterinsights_skip_tracking":false,"_monsterinsights_sitenote_active":false,"_monsterinsights_sitenote_note":"","_monsterinsights_sitenote_category":0},"product_brand":[64],"product_cat":[55],"product_tag":[],"class_list":{"0":"post-1215","1":"product","2":"type-product","3":"status-publish","4":"has-post-thumbnail","6":"product_brand-ard-al-zaafaran","7":"product_cat-pentru-el","9":"first","10":"instock","11":"shipping-taxable","12":"purchasable","13":"product-type-simple"},"aioseo_notices":[],"ct_brands":[{"id":64,"name":"Ard Al Zaafaran","slug":"ard-al-zaafaran"}],"_links":{"self":[{"href":"https:\/\/habibimb.com\/en\/wp-json\/wp\/v2\/product\/1215","targetHints":{"allow":["GET"]}}],"collection":[{"href":"https:\/\/habibimb.com\/en\/wp-json\/wp\/v2\/product"}],"about":[{"href":"https:\/\/habibimb.com\/en\/wp-json\/wp\/v2\/types\/product"}],"replies":[{"embeddable":true,"href":"https:\/\/habibimb.com\/en\/wp-json\/wp\/v2\/comments?post=1215"}],"wp:featuredmedia":[{"embeddable":true,"href":"https:\/\/habibimb.com\/en\/wp-json\/wp\/v2\/media\/1217"}],"wp:attachment":[{"href":"https:\/\/habibimb.com\/en\/wp-json\/wp\/v2\/media?parent=1215"}],"wp:term":[{"taxonomy":"product_brand","embeddable":true,"href":"https:\/\/habibimb.com\/en\/wp-json\/wp\/v2\/product_brand?post=1215"},{"taxonomy":"product_cat","embeddable":true,"href":"https:\/\/habibimb.com\/en\/wp-json\/wp\/v2\/product_cat?post=1215"},{"taxonomy":"product_tag","embeddable":true,"href":"https:\/\/habibimb.com\/en\/wp-json\/wp\/v2\/product_tag?post=1215"}],"curies":[{"name":"wp","href":"https:\/\/api.w.org\/{rel}","templated":true}]}}