{"id":1211,"date":"2025-04-21T07:01:15","date_gmt":"2025-04-21T07:01:15","guid":{"rendered":"https:\/\/powderblue-ostrich-774422.hostingersite.com\/?post_type=product&#038;p=1211"},"modified":"2025-06-13T09:44:32","modified_gmt":"2025-06-13T09:44:32","slug":"apa-de-parfum-dar-al-hae-men-ard-al-zaafaran-barbati-100ml","status":"publish","type":"product","link":"https:\/\/habibimb.com\/en\/product\/apa-de-parfum-dar-al-hae-men-ard-al-zaafaran-barbati-100ml\/","title":{"rendered":"Dar Al Hae Men, Ard Al Zaafaran"},"content":{"rendered":"<h2>Dezv\u0103luie parfumul atr\u0103g\u0103tor<\/h2>\n<p>P\u0103\u0219i\u021bi \u00eentr-o lume a rafinamentului \u0219i a farmecului cu Apa de Parfum Dar Al Hae Men de Ard Al Zaafaran. Acest parfum rafinat, conceput special pentru b\u0103rba\u021bi, eman\u0103 un aer de \u00eencredere \u0219i elegan\u021b\u0103 care captiveaz\u0103 sim\u021burile. Realizat\u0103 cu un amestec armonios de note bogate, aceast\u0103 sticl\u0103 de 100 ml nu este doar un parfum, ci o declara\u021bie de stil \u0219i prestigiu.<\/p>\n<h2>Note care definesc masculinitatea<\/h2>\n<p>Dar Al Hae Men prezint\u0103 o compozi\u021bie care \u00eencepe cu note de v\u00e2rf proaspete \u0219i revigorante, trec\u00e2nd f\u0103r\u0103 probleme \u00eentr-o inim\u0103 care radiaz\u0103 c\u0103ldur\u0103 \u0219i farmec. Notele de baz\u0103 ofer\u0103 un final de lung\u0103 durat\u0103 \u0219i memorabil, care persist\u0103 pe tot parcursul zilei. Fiecare spray te \u00eenv\u0103luie \u00eentr-un parfum de semn\u0103tur\u0103 care \u00eentruchipeaz\u0103 esen\u021ba masculinit\u0103\u021bii moderne, f\u0103c\u00e2ndu-l \u00eenso\u021bitorul perfect pentru orice ocazie, fie c\u0103 este vorba de o ie\u0219ire casual sau de un eveniment formal.<\/p>\n<h2>Elegan\u021b\u0103 \u00een fiecare detaliu<\/h2>\n<p>Ambalat \u00eentr-o sticl\u0103 izbitoare care reflect\u0103 rafinamentul parfumului \u00een sine, Apa de Parfum Dar Al Hae Men nu este doar o pl\u0103cere pentru nas, ci \u0219i o s\u0103rb\u0103toare pentru ochi. Designul este creat pentru a \u00eentruchipa luxul \u0219i clasa pe care Ard Al Zaafaran o reprezint\u0103, f\u0103c\u00e2ndu-l o completare perfect\u0103 pentru orice colec\u021bie. Fie c\u0103 v\u0103 r\u0103sf\u0103\u021ba\u021bi sau c\u0103uta\u021bi un cadou remarcabil, acest parfum maiestuos este gata s\u0103 impresioneze.<\/p>\n<p>S\u0103 te r\u0103sfe\u021bi cu aroma Dar Al Hae Men \u00eenseamn\u0103 mai mult dec\u00e2t s\u0103 por\u021bi un parfum; este vorba despre a exprima cine e\u0219ti. Las\u0103 traseul t\u0103u de miros s\u0103 spun\u0103 multe, l\u0103s\u00e2nd o impresie de durat\u0103 oriunde te-ai duce. \u00cembun\u0103t\u0103\u021be\u0219te-\u021bi rutina de zi cu zi cu acest spectacol emblematic \u0219i urm\u0103re\u0219te cum to\u021bi ochii se \u00eendreapt\u0103 \u00een direc\u021bia ta.<\/p>","protected":false},"excerpt":{"rendered":"<p>Inspirat din Paco Rabanne, Invictus<\/p>\n<p><strong>Note de varf:<\/strong>\u00a0bergamota, citrice, fructe<br \/>\n<strong>Note de mijloc:<\/strong>\u00a0lemn de casmir, iasomie<br \/>\n<strong>Note de baza:<\/strong>\u00a0note lemnoase<\/p>","protected":false},"featured_media":1214,"comment_status":"open","ping_status":"closed","template":"","meta":{"om_disable_all_campaigns":false,"_monsterinsights_skip_tracking":false,"_monsterinsights_sitenote_active":false,"_monsterinsights_sitenote_note":"","_monsterinsights_sitenote_category":0},"product_brand":[64],"product_cat":[55],"product_tag":[],"class_list":{"0":"post-1211","1":"product","2":"type-product","3":"status-publish","4":"has-post-thumbnail","6":"product_brand-ard-al-zaafaran","7":"product_cat-pentru-el","9":"first","10":"outofstock","11":"shipping-taxable","12":"purchasable","13":"product-type-simple"},"aioseo_notices":[],"ct_brands":[{"id":64,"name":"Ard Al Zaafaran","slug":"ard-al-zaafaran"}],"_links":{"self":[{"href":"https:\/\/habibimb.com\/en\/wp-json\/wp\/v2\/product\/1211","targetHints":{"allow":["GET"]}}],"collection":[{"href":"https:\/\/habibimb.com\/en\/wp-json\/wp\/v2\/product"}],"about":[{"href":"https:\/\/habibimb.com\/en\/wp-json\/wp\/v2\/types\/product"}],"replies":[{"embeddable":true,"href":"https:\/\/habibimb.com\/en\/wp-json\/wp\/v2\/comments?post=1211"}],"wp:featuredmedia":[{"embeddable":true,"href":"https:\/\/habibimb.com\/en\/wp-json\/wp\/v2\/media\/1214"}],"wp:attachment":[{"href":"https:\/\/habibimb.com\/en\/wp-json\/wp\/v2\/media?parent=1211"}],"wp:term":[{"taxonomy":"product_brand","embeddable":true,"href":"https:\/\/habibimb.com\/en\/wp-json\/wp\/v2\/product_brand?post=1211"},{"taxonomy":"product_cat","embeddable":true,"href":"https:\/\/habibimb.com\/en\/wp-json\/wp\/v2\/product_cat?post=1211"},{"taxonomy":"product_tag","embeddable":true,"href":"https:\/\/habibimb.com\/en\/wp-json\/wp\/v2\/product_tag?post=1211"}],"curies":[{"name":"wp","href":"https:\/\/api.w.org\/{rel}","templated":true}]}}