{"id":1208,"date":"2025-04-20T09:32:48","date_gmt":"2025-04-20T09:32:48","guid":{"rendered":"https:\/\/habibimb.com\/?post_type=product&#038;p=1208"},"modified":"2025-05-15T07:30:41","modified_gmt":"2025-05-15T07:30:41","slug":"apa-de-parfum-sultan-al-shabab-ard-al-zaafaran-barbati-100ml","status":"publish","type":"product","link":"https:\/\/habibimb.com\/en\/product\/apa-de-parfum-sultan-al-shabab-ard-al-zaafaran-barbati-100ml\/","title":{"rendered":"Sultan Al Shabab, Ard Al Zaafaran, &#8211;"},"content":{"rendered":"<h2>Dezl\u0103n\u021buie-\u021bi \u00eencrederea<\/h2>\n<p>Descoperi\u021bi farmecul <strong>Apa de Parfum Sultan Al Shabab<\/strong> de la Ard Al Zaafaran, un parfum captivant special conceput pentru b\u0103rba\u021bi. Acest parfum rafinat se remarc\u0103 nu numai prin parfumul s\u0103u bogat, ci \u0219i prin capacitatea sa de a ridica orice ansamblu. Fie c\u0103 te \u00eembraci pentru o ocazie special\u0103 sau \u00ee\u021bi \u00eembun\u0103t\u0103\u021be\u0219ti rutina zilnic\u0103, Sultan Al Shabab este \u00eenso\u021bitorul perfect care \u00eentruchipeaz\u0103 rafinamentul \u0219i carisma.<\/p>\n<h2>Compozi\u021bie de parfum magnific\u0103<\/h2>\n<p>Parfumul se deschide cu note de v\u00e2rf str\u0103lucitoare care \u00ee\u021bi revigoreaz\u0103 sim\u021burile, trec\u00e2nd f\u0103r\u0103 probleme la o inim\u0103 de arome mai profunde \u0219i mai robuste. Fiecare pulverizare a acestei sticle de 100 ml dezv\u0103luie o c\u0103l\u0103torie olfactiv\u0103 unic\u0103, marcat\u0103 de note \u00eendr\u0103zne\u021be care inspir\u0103 \u00eencredere \u00een sine. Natura de lung\u0103 durat\u0103 a acestui parfum v\u0103 asigur\u0103 c\u0103 l\u0103sa\u021bi o impresie de durat\u0103, f\u0103c\u00e2ndu-l un must-have pentru orice b\u0103rbat modern.<\/p>\n<h2>Perfect pentru orice ocazie<\/h2>\n<p>Apa de Parfum Sultan Al Shabab este conceput pentru versatilitate. Este o alegere ideal\u0103 at\u00e2t pentru utilizarea de zi, c\u00e2t \u0219i de noapte, potrivindu-se elegant \u00een diverse medii, de la medii profesionale la \u00eent\u00e2lniri sociale. Profilul s\u0103u olfactiv sofisticat \u00eel face potrivit at\u00e2t pentru evenimente formale, c\u00e2t \u0219i pentru ie\u0219iri casual, asigur\u00e2ndu-v\u0103 \u00eentotdeauna un miros remarcabil. \u00cembun\u0103t\u0103\u021be\u0219te-\u021bi colec\u021bia de parfumuri \u0219i f\u0103 fiecare moment memorabil cu acest parfum excep\u021bional.<\/p>","protected":false},"excerpt":{"rendered":"<div class=\"product-attributes__item product-attributes__item--odd\">\n<div class=\"product-attributes__label\">Note varf<\/div>\n<div class=\"product-attributes__value\">note marine, grepfrut, mandarina<\/div>\n<\/div>\n<div class=\"product-attributes__item product-attributes__item--even\">\n<div class=\"product-attributes__label\">Note mijloc<\/div>\n<div class=\"product-attributes__value\">frunze de dafin, iasomie<\/div>\n<\/div>\n<div class=\"product-attributes__item product-attributes__item--odd\">\n<div class=\"product-attributes__label\">Note baza<\/div>\n<div class=\"product-attributes__value\">ambra gri (ambergris), lemn de guaiac, paciuli<\/div>\n<\/div>","protected":false},"featured_media":1209,"comment_status":"open","ping_status":"closed","template":"","meta":{"om_disable_all_campaigns":false,"_monsterinsights_skip_tracking":false,"_monsterinsights_sitenote_active":false,"_monsterinsights_sitenote_note":"","_monsterinsights_sitenote_category":0},"product_brand":[64],"product_cat":[55],"product_tag":[],"class_list":{"0":"post-1208","1":"product","2":"type-product","3":"status-publish","4":"has-post-thumbnail","6":"product_brand-ard-al-zaafaran","7":"product_cat-pentru-el","9":"first","10":"instock","11":"shipping-taxable","12":"purchasable","13":"product-type-simple"},"aioseo_notices":[],"ct_brands":[{"id":64,"name":"Ard Al Zaafaran","slug":"ard-al-zaafaran"}],"_links":{"self":[{"href":"https:\/\/habibimb.com\/en\/wp-json\/wp\/v2\/product\/1208","targetHints":{"allow":["GET"]}}],"collection":[{"href":"https:\/\/habibimb.com\/en\/wp-json\/wp\/v2\/product"}],"about":[{"href":"https:\/\/habibimb.com\/en\/wp-json\/wp\/v2\/types\/product"}],"replies":[{"embeddable":true,"href":"https:\/\/habibimb.com\/en\/wp-json\/wp\/v2\/comments?post=1208"}],"wp:featuredmedia":[{"embeddable":true,"href":"https:\/\/habibimb.com\/en\/wp-json\/wp\/v2\/media\/1209"}],"wp:attachment":[{"href":"https:\/\/habibimb.com\/en\/wp-json\/wp\/v2\/media?parent=1208"}],"wp:term":[{"taxonomy":"product_brand","embeddable":true,"href":"https:\/\/habibimb.com\/en\/wp-json\/wp\/v2\/product_brand?post=1208"},{"taxonomy":"product_cat","embeddable":true,"href":"https:\/\/habibimb.com\/en\/wp-json\/wp\/v2\/product_cat?post=1208"},{"taxonomy":"product_tag","embeddable":true,"href":"https:\/\/habibimb.com\/en\/wp-json\/wp\/v2\/product_tag?post=1208"}],"curies":[{"name":"wp","href":"https:\/\/api.w.org\/{rel}","templated":true}]}}