{"id":1203,"date":"2025-04-20T09:20:46","date_gmt":"2025-04-20T09:20:46","guid":{"rendered":"https:\/\/habibimb.com\/?post_type=product&#038;p=1203"},"modified":"2025-09-20T07:20:15","modified_gmt":"2025-09-20T07:20:15","slug":"apa-de-parfum-safeer-ai-oud-ard-al-zaafaran-unisex-100-ml","status":"publish","type":"product","link":"https:\/\/habibimb.com\/en\/product\/apa-de-parfum-safeer-ai-oud-ard-al-zaafaran-unisex-100-ml\/","title":{"rendered":"Safeer AI Oud, Ard Al Zaafaran, &#8211; 100"},"content":{"rendered":"<h2>Experimenta\u021bi esen\u021ba luxului<\/h2>\n<p>V\u0103 prezent\u0103m Apa de Parfum Safeer AI Oud, un parfum captivant de la Ard Al Zaafaran care \u00eentruchipeaz\u0103 rafinamentul \u0219i elegan\u021ba. Conceput at\u00e2t pentru b\u0103rba\u021bi, c\u00e2t \u0219i pentru femei, acest parfum unisex deschide o poart\u0103 c\u0103tre o aventur\u0103 olfactiv\u0103, f\u0103c\u00e2ndu-l un plus perfect pentru orice colec\u021bie de parfumuri. Cu o sticl\u0103 generoas\u0103 de 100 ml, promite s\u0103 ofere o pl\u0103cere de lung\u0103 durat\u0103 care persist\u0103 pe tot parcursul zilei.<\/p>\n<h2>Un amestec de note bogate \u0219i exotice<\/h2>\n<p>Safeer AI Oud captiveaz\u0103 sim\u021burile cu compozi\u021bia sa bogat\u0103, oferind o arom\u0103 de neuitat, atr\u0103g\u0103toare \u0219i complex\u0103. Parfumul este realizat cu m\u0103iestrie, combin\u00e2nd profunzimea oud-ului tradi\u021bional cu note contemporane, rezult\u00e2nd un parfum care este at\u00e2t primitor, c\u00e2t \u0219i luxos. Pe m\u0103sur\u0103 ce parfumul se a\u0219eaz\u0103, acordurile proaspete ini\u021biale se \u00eembin\u0103 perfect \u00eentr-o inim\u0103 de note florale \u0219i picante dulci, culmin\u00e2nd cu o baz\u0103 cald\u0103, lemnoas\u0103, care persist\u0103 frumos.<\/p>\n<h2>Perfect pentru orice ocazie<\/h2>\n<p>Fie c\u0103 participa\u021bi la o \u00eent\u00e2lnire formal\u0103, la o ie\u0219ire casual sau pur \u0219i simplu dori\u021bi s\u0103 v\u0103 sim\u021bi\u021bi extraordinar \u00een timpul rutinei de zi cu zi, Apa de Parfum Safeer AI Oud este adaptat pentru toate ocaziile. Atractivitatea sa unisex \u00eel face un cadou ideal, \u00een timp ce profilul s\u0103u olfactiv impresionant v\u0103 asigur\u0103 c\u0103 ie\u0219i\u021bi \u00een eviden\u021b\u0103 \u00een orice mul\u021bime. Experimenteaz\u0103 puterea transformatoare a acestui parfum, \u00een care fiecare spray te transport\u0103 \u00eentr-un paradis exotic, cre\u00e2nd amintiri care dureaz\u0103.<\/p>\n<p>Elegan\u021ba Apa de Parfum Safeer AI Oud este \u00eencapsulat\u0103 nu numai \u00een parfumul s\u0103u, ci \u0219i \u00een ambalajul s\u0103u uimitor. Designul elegant \u0219i sofisticat al sticlei reflect\u0103 calitatea con\u021binutului din interior, f\u0103c\u00e2ndu-l o pies\u0103 de declara\u021bie pe toaleta ta. Cu fiecare achizi\u021bie, nu achizi\u021biona\u021bi doar un parfum; \u00eembr\u0103\u021bi\u0219ezi un stil de via\u021b\u0103 luxos.<\/p>\n<p style=\"text-align: left;\">Descoper\u0103-\u021bi parfumul semn\u0103tur\u0103 cu Apa de Parfum Safeer AI Oud \u0219i las\u0103-l s\u0103 te \u00eenso\u021beasc\u0103 \u00een c\u0103l\u0103toria ta, sporindu-\u021bi prezen\u021ba \u0219i l\u0103s\u00e2nd o urm\u0103 de elegan\u021b\u0103 oriunde te-ai duce. Experimenta\u021bi calitatea de neegalat a Ard Al Zaafaran \u0219i ridica\u021bi-v\u0103 jocul de parfumuri ast\u0103zi!<\/p>","protected":false},"excerpt":{"rendered":"<p>Note de varf: trandafir si oud<br \/>\nNote de mijloc: lemn de santal si paciuli<br \/>\nNote de baza: tamaie si lemn de guaiac.<\/p>","protected":false},"featured_media":1207,"comment_status":"open","ping_status":"closed","template":"","meta":{"om_disable_all_campaigns":false,"_monsterinsights_skip_tracking":false,"_monsterinsights_sitenote_active":false,"_monsterinsights_sitenote_note":"","_monsterinsights_sitenote_category":0},"product_brand":[64],"product_cat":[57],"product_tag":[],"class_list":{"0":"post-1203","1":"product","2":"type-product","3":"status-publish","4":"has-post-thumbnail","6":"product_brand-ard-al-zaafaran","7":"product_cat-unisex","9":"first","10":"outofstock","11":"shipping-taxable","12":"purchasable","13":"product-type-simple"},"aioseo_notices":[],"ct_brands":[{"id":64,"name":"Ard Al Zaafaran","slug":"ard-al-zaafaran"}],"_links":{"self":[{"href":"https:\/\/habibimb.com\/en\/wp-json\/wp\/v2\/product\/1203","targetHints":{"allow":["GET"]}}],"collection":[{"href":"https:\/\/habibimb.com\/en\/wp-json\/wp\/v2\/product"}],"about":[{"href":"https:\/\/habibimb.com\/en\/wp-json\/wp\/v2\/types\/product"}],"replies":[{"embeddable":true,"href":"https:\/\/habibimb.com\/en\/wp-json\/wp\/v2\/comments?post=1203"}],"wp:featuredmedia":[{"embeddable":true,"href":"https:\/\/habibimb.com\/en\/wp-json\/wp\/v2\/media\/1207"}],"wp:attachment":[{"href":"https:\/\/habibimb.com\/en\/wp-json\/wp\/v2\/media?parent=1203"}],"wp:term":[{"taxonomy":"product_brand","embeddable":true,"href":"https:\/\/habibimb.com\/en\/wp-json\/wp\/v2\/product_brand?post=1203"},{"taxonomy":"product_cat","embeddable":true,"href":"https:\/\/habibimb.com\/en\/wp-json\/wp\/v2\/product_cat?post=1203"},{"taxonomy":"product_tag","embeddable":true,"href":"https:\/\/habibimb.com\/en\/wp-json\/wp\/v2\/product_tag?post=1203"}],"curies":[{"name":"wp","href":"https:\/\/api.w.org\/{rel}","templated":true}]}}