{"id":1198,"date":"2025-04-20T09:16:34","date_gmt":"2025-04-20T09:16:34","guid":{"rendered":"https:\/\/habibimb.com\/?post_type=product&#038;p=1198"},"modified":"2025-05-15T07:30:41","modified_gmt":"2025-05-15T07:30:41","slug":"set-shams-al-emarat-khususi-ard-al-zaafaran-femei-apa-de-parfum-100ml","status":"publish","type":"product","link":"https:\/\/habibimb.com\/en\/product\/set-shams-al-emarat-khususi-ard-al-zaafaran-femei-apa-de-parfum-100ml\/","title":{"rendered":"Shams Al Emarat Khususi, Ard Al Zaafaran, , &#8211;"},"content":{"rendered":"<h2>Dezv\u0103luie-\u021bi esen\u021ba interioar\u0103<\/h2>\n<p>V\u0103 prezent\u0103m Shams Al Emarat Khususi de Ard Al Zaafaran \u2013 un parfum captivant conceput pentru femeia modern\u0103. Aceast\u0103 <strong>apa de parfum<\/strong> rafinat\u0103 ofer\u0103 un amestec irezistibil de note aromatice care \u00eentruchipeaz\u0103 rafinamentul \u0219i gra\u021bia. Fiecare spritz te \u00eenv\u0103luie \u00eentr-un voal luxos, f\u0103c\u00e2ndu-l completarea perfect\u0103 pentru rutina ta zilnic\u0103 sau pentru ocazii speciale.<\/p>\n<h2>O simfonie de parfumuri<\/h2>\n<p>Parfumul Shams Al Emarat Khususi se desf\u0103\u0219oar\u0103 cu note de v\u00e2rf vibrante care \u00ee\u021bi trezesc sim\u021burile cu un buchet proasp\u0103t \u0219i floral. Pe m\u0103sur\u0103 ce parfumul se dezvolt\u0103, apar note calde de inim\u0103, armoniz\u00e2ndu-se elegant pentru a crea o arom\u0103 bogat\u0103 \u0219i primitoare. \u00cen cele din urm\u0103, notele de baz\u0103 persist\u0103 mult dup\u0103 aplicare, l\u0103s\u00e2nd o urm\u0103 de rafinament care \u00eei captiveaz\u0103 pe cei din jur.<\/p>\n<h2>Creat cu grij\u0103<\/h2>\n<p>\u00cenvelit \u00eentr-o sticl\u0103 frumos proiectat\u0103, acest <strong>apa de parfum<\/strong> de 100 ml nu numai c\u0103 ispite\u0219te sim\u021burile, dar serve\u0219te \u0219i ca o pies\u0103 decorativ\u0103 uimitoare pentru toaleta ta. Ard Al Zaafaran se asigur\u0103 c\u0103 fiecare aspect al <strong>Shams Al Emarat Khususi<\/strong> este meticulos lucrat, de la selec\u021bia ingredientelor de \u00eenalt\u0103 calitate p\u00e2n\u0103 la ambalajul elegant, oferind at\u00e2t lux, c\u00e2t \u0219i performan\u021b\u0103.<\/p>\n<p>R\u0103sf\u0103\u021ba\u021bi-v\u0103 cu farmecul Shams Al Emarat Khususi \u0219i \u00eembr\u0103\u021bi\u0219a\u021bi un parfum de semn\u0103tur\u0103 care v\u0103 reflect\u0103 personalitatea unic\u0103. Perfect ca cadou sau r\u0103sf\u0103\u021b pentru tine, acest parfum este mai mult dec\u00e2t un simplu parfum; este o declara\u021bie de elegan\u021b\u0103 \u0219i \u00eencredere. Experimenta\u021bi puterea transformatoare a parfumului cu <strong>Shams Al Emarat Khususi<\/strong> ast\u0103zi.<\/p>","protected":false},"excerpt":{"rendered":"<p>Inspirat din Gaultier 2, Jean Paul Gaultier<\/p>\n<p>Note de v\u00e2rf: note fructate, c\u0103p\u0219uni, ananas, bergamot\u0103, nuc\u0219oar\u0103<\/p>\n<p>Note de mijloc: trandafiri, iasomie, flori albe, condimente orientale, \u0219ofran<\/p>\n<p>Note de baz\u0103: ambr\u0103, lemn de cedru, lemn de santal, vanilie, caramel, mosc alb<\/p>","protected":false},"featured_media":1200,"comment_status":"open","ping_status":"closed","template":"","meta":{"om_disable_all_campaigns":false,"_monsterinsights_skip_tracking":false,"_monsterinsights_sitenote_active":false,"_monsterinsights_sitenote_note":"","_monsterinsights_sitenote_category":0},"product_brand":[64],"product_cat":[56],"product_tag":[],"class_list":{"0":"post-1198","1":"product","2":"type-product","3":"status-publish","4":"has-post-thumbnail","6":"product_brand-ard-al-zaafaran","7":"product_cat-pentru-ea","9":"first","10":"instock","11":"shipping-taxable","12":"purchasable","13":"product-type-simple"},"aioseo_notices":[],"ct_brands":[{"id":64,"name":"Ard Al Zaafaran","slug":"ard-al-zaafaran"}],"_links":{"self":[{"href":"https:\/\/habibimb.com\/en\/wp-json\/wp\/v2\/product\/1198","targetHints":{"allow":["GET"]}}],"collection":[{"href":"https:\/\/habibimb.com\/en\/wp-json\/wp\/v2\/product"}],"about":[{"href":"https:\/\/habibimb.com\/en\/wp-json\/wp\/v2\/types\/product"}],"replies":[{"embeddable":true,"href":"https:\/\/habibimb.com\/en\/wp-json\/wp\/v2\/comments?post=1198"}],"wp:featuredmedia":[{"embeddable":true,"href":"https:\/\/habibimb.com\/en\/wp-json\/wp\/v2\/media\/1200"}],"wp:attachment":[{"href":"https:\/\/habibimb.com\/en\/wp-json\/wp\/v2\/media?parent=1198"}],"wp:term":[{"taxonomy":"product_brand","embeddable":true,"href":"https:\/\/habibimb.com\/en\/wp-json\/wp\/v2\/product_brand?post=1198"},{"taxonomy":"product_cat","embeddable":true,"href":"https:\/\/habibimb.com\/en\/wp-json\/wp\/v2\/product_cat?post=1198"},{"taxonomy":"product_tag","embeddable":true,"href":"https:\/\/habibimb.com\/en\/wp-json\/wp\/v2\/product_tag?post=1198"}],"curies":[{"name":"wp","href":"https:\/\/api.w.org\/{rel}","templated":true}]}}