{"id":1193,"date":"2025-04-20T06:13:04","date_gmt":"2025-04-20T06:13:04","guid":{"rendered":"https:\/\/habibimb.com\/?post_type=product&#038;p=1193"},"modified":"2026-03-05T11:00:54","modified_gmt":"2026-03-05T11:00:54","slug":"apa-de-parfum-opulent-red-lattafa-femei-100ml","status":"publish","type":"product","link":"https:\/\/habibimb.com\/en\/product\/apa-de-parfum-opulent-red-lattafa-femei-100ml\/","title":{"rendered":"Opulent Red, Lattafa, &#8211;"},"content":{"rendered":"<h2>\u00cembr\u0103\u021bi\u0219eaz\u0103 farmecul ro\u0219u opulent<\/h2>\n<p>Descoperi\u021bi esen\u021ba luxoas\u0103 a <strong>Apa de Parfum Opulent Red de la Lattafa<\/strong>, special conceput\u0103 pentru femeile care apreciaz\u0103 lucrurile fine din via\u021b\u0103. Acest parfum rafinat de 100 ml se desf\u0103\u0219oar\u0103 elegant, cre\u00e2nd o atmosfer\u0103 \u00eenc\u00e2nt\u0103toare, captivant\u0103 \u0219i memorabil\u0103. Perfect pentru orice ocazie, acest parfum \u00eencapsuleaz\u0103 rafinamentul \u0219i alura, f\u0103c\u00e2ndu-l un plus ideal pentru colec\u021bia ta de parfumuri.<\/p>\n<h2>O simfonie de note<\/h2>\n<p>Parfumul \u00eenc\u00e2nt\u0103tor al Opulent Red se deschide cu un amestec vibrant de note fructate \u0219i florale care \u00ee\u021bi ridic\u0103 instantaneu moralul. Inima dezv\u0103luie un buchet captivant, \u00eempletind armonios buchete dulci care evoc\u0103 un sentiment de pasiune \u0219i rafinament. Pe m\u0103sur\u0103 ce parfumul se usuc\u0103, se a\u0219eaz\u0103 \u00eentr-o baz\u0103 cald\u0103 \u0219i bogat\u0103, oferind note de nuan\u021be p\u0103m\u00e2ntii. Fiecare spray ofer\u0103 o c\u0103l\u0103torie parfumat\u0103 care rezist\u0103 testului timpului, asigur\u00e2ndu-v\u0103 c\u0103 v\u0103 sim\u021bi\u021bi \u00eencrez\u0103toare \u0219i frumoas\u0103 pe tot parcursul zilei.<\/p>\n<h2>Fii \u00een centrul aten\u021biei<\/h2>\n<p>Cu un echilibru \u00eenc\u00e2nt\u0103tor de for\u021b\u0103 \u0219i elegan\u021b\u0103, Opulent Red este conceput pentru femeia modern\u0103 care nu se teme s\u0103 fac\u0103 o declara\u021bie. Indiferent dac\u0103 te \u00eendrep\u021bi spre un eveniment formal sau te bucuri de o ie\u0219ire casual, acest parfum \u00ee\u021bi completeaz\u0103 perfect personalitatea, l\u0103s\u00e2nd \u00een acela\u0219i timp o impresie de durat\u0103. Sticla rafinat\u0103 de 100 ml \u00een sine este o pies\u0103 izbitoare care adaug\u0103 o not\u0103 de lux mesei tale de toalet\u0103 &#8211; un cadou perfect pentru tine sau pentru o persoan\u0103 drag\u0103.<\/p>\n<p>R\u0103sf\u0103\u021ba\u021bi-v\u0103 cu experien\u021ba divin\u0103 a <strong>Apa de Parfum Opulent Red<\/strong> \u0219i face\u021bi fiecare moment memorabil. \u00cembun\u0103t\u0103\u021be\u0219te-\u021bi jocul de parfumuri \u0219i \u00eembr\u0103\u021bi\u0219eaz\u0103 rafinamentul pe care \u00eel ofer\u0103 acest parfum uimitor.<\/p>","protected":false},"excerpt":{"rendered":"<p><strong>Notele de v\u00e2rf<\/strong>: Piersici, Portocale ro\u0219ii, Cardamom<br \/>\n<strong>Notele de mijloc<\/strong>: Heliotrop, Rom, Coniac, Iasomie<br \/>\n<strong>Notele de baz\u0103<\/strong>: Lemn de Santal, R\u0103\u0219ini, Cashmeran, Vanilie, Boabe de Tonka, Labdanum, Patchoulli<\/p>","protected":false},"featured_media":1194,"comment_status":"open","ping_status":"closed","template":"","meta":{"om_disable_all_campaigns":false,"_monsterinsights_skip_tracking":false,"_monsterinsights_sitenote_active":false,"_monsterinsights_sitenote_note":"","_monsterinsights_sitenote_category":0},"product_brand":[63],"product_cat":[56],"product_tag":[],"class_list":{"0":"post-1193","1":"product","2":"type-product","3":"status-publish","4":"has-post-thumbnail","6":"product_brand-lattafa","7":"product_cat-pentru-ea","9":"first","10":"outofstock","11":"shipping-taxable","12":"purchasable","13":"product-type-simple"},"aioseo_notices":[],"ct_brands":[{"id":63,"name":"Lattafa","slug":"lattafa"}],"_links":{"self":[{"href":"https:\/\/habibimb.com\/en\/wp-json\/wp\/v2\/product\/1193","targetHints":{"allow":["GET"]}}],"collection":[{"href":"https:\/\/habibimb.com\/en\/wp-json\/wp\/v2\/product"}],"about":[{"href":"https:\/\/habibimb.com\/en\/wp-json\/wp\/v2\/types\/product"}],"replies":[{"embeddable":true,"href":"https:\/\/habibimb.com\/en\/wp-json\/wp\/v2\/comments?post=1193"}],"wp:featuredmedia":[{"embeddable":true,"href":"https:\/\/habibimb.com\/en\/wp-json\/wp\/v2\/media\/1194"}],"wp:attachment":[{"href":"https:\/\/habibimb.com\/en\/wp-json\/wp\/v2\/media?parent=1193"}],"wp:term":[{"taxonomy":"product_brand","embeddable":true,"href":"https:\/\/habibimb.com\/en\/wp-json\/wp\/v2\/product_brand?post=1193"},{"taxonomy":"product_cat","embeddable":true,"href":"https:\/\/habibimb.com\/en\/wp-json\/wp\/v2\/product_cat?post=1193"},{"taxonomy":"product_tag","embeddable":true,"href":"https:\/\/habibimb.com\/en\/wp-json\/wp\/v2\/product_tag?post=1193"}],"curies":[{"name":"wp","href":"https:\/\/api.w.org\/{rel}","templated":true}]}}