{"id":1190,"date":"2025-04-20T06:01:48","date_gmt":"2025-04-20T06:01:48","guid":{"rendered":"https:\/\/habibimb.com\/?post_type=product&#038;p=1190"},"modified":"2025-10-21T13:06:54","modified_gmt":"2025-10-21T13:06:54","slug":"parfum-bulgari-tiger-gemme-emaar-apa-de-parfum-100-ml-unisex","status":"publish","type":"product","link":"https:\/\/habibimb.com\/en\/product\/parfum-bulgari-tiger-gemme-emaar-apa-de-parfum-100-ml-unisex\/","title":{"rendered":"Parfum Bulgari Tiger Gemme, Emaar, 100"},"content":{"rendered":"<h2>Dezv\u0103luirea exoticului<\/h2>\n<p>P\u0103\u0219i\u021bi \u00eentr-o lume a elegan\u021bei cu <strong>Parfum Bulgari Tiger Gemme<\/strong>, un parfum remarcabil oferit \u00eentr-o sticl\u0103 generoas\u0103 de 100 ml. Aceast\u0103 ap\u0103 de parfum unisex este o celebrare a spiritului puternic \u0219i a gra\u021biei tigrului, conceput\u0103 pentru a-i captiva pe to\u021bi cei care o poart\u0103. Amestecul unic de note al parfumului ofer\u0103 o experien\u021b\u0103 senzorial\u0103 care transcende grani\u021bele tradi\u021bionale, f\u0103c\u00e2ndu-l alegerea perfect\u0103 at\u00e2t pentru b\u0103rba\u021bi, c\u00e2t \u0219i pentru femei.<\/p>\n<h2>Note de parfum care \u00eenc\u00e2nt\u0103<\/h2>\n<p>Inima <strong>Parfumului Bulgari Tiger Gemme<\/strong> este o tapiserie complicat\u0103 de note florale \u0219i picante vibrante. Se deschide cu o explozie \u00eendr\u0103znea\u021b\u0103 de citrice picante, atr\u0103g\u00e2ndu-te cu o alur\u0103 r\u0103coritoare. Pe m\u0103sur\u0103 ce evolueaz\u0103, aromele calde \u0219i lemnoase sunt \u00een centrul aten\u021biei, \u00eenv\u0103luindu-te \u00eentr-o \u00eembr\u0103\u021bi\u0219are reconfortant\u0103. \u00cen cele din urm\u0103, note subtile de condimente exotice adaug\u0103 un aer de intrig\u0103 care persist\u0103 frumos pe piele. Aceast\u0103 compozi\u021bie armonioas\u0103 este o dovad\u0103 a dedic\u0103rii lui Bulgari pentru art\u0103 \u0219i calitate.<\/p>\n<h2>Alegerea perfect\u0103 pentru orice ocazie<\/h2>\n<p>Fie c\u0103 v\u0103 preg\u0103ti\u021bi pentru o zi casual sau pentru un eveniment elegant de sear\u0103, <strong>Parfum Bulgari Tiger Gemme<\/strong> este suficient de versatil pentru a completa orice ocazie. Mirosul s\u0103u captivant v\u0103 va ridica prezen\u021ba \u0219i v\u0103 va l\u0103sa o impresie de durat\u0103. Ideal pentru persoana modern\u0103 care caut\u0103 lux f\u0103r\u0103 compromisuri, acest parfum \u00eentruchipeaz\u0103 rafinamentul \u0219i alura.<\/p>\n<p>\u00cembr\u0103\u021bi\u0219eaz\u0103-\u021bi puterea interioar\u0103 \u0219i stilul cu remarcabilul <strong>Parfum Bulgari Tiger Gemme<\/strong>. Realizat\u0103 cu cele mai bune ingrediente, aceast\u0103 ap\u0103 de parfum nu numai c\u0103 v\u0103 \u00eembun\u0103t\u0103\u021be\u0219te stilul personal, dar celebreaz\u0103 \u0219i spiritul \u00eendr\u0103zne\u021b al tigrului. Experimenteaz\u0103 puterea transformatoare a parfumului \u0219i las\u0103-\u021bi individualitatea s\u0103 str\u0103luceasc\u0103.<\/p>","protected":false},"excerpt":{"rendered":"<p><strong>Cantitate:<\/strong>\u00a0100 ml<\/p>\n<p>Tip aplicare: Vaporizator<\/p>\n<p>Tip\u00a0de parfum: Ap\u0103\u00a0de\u00a0parfum (EDP)<\/p>\n<p>Brand:<strong>\u00a0Emaar<\/strong><\/p>\n<p>Inspirat din Le Gemme Empyr by Bvlgari<\/p>\n<p>Ingrediente;<br \/>\n<strong>Note de varf:<\/strong>\u00a0Grapefruit<br \/>\n<strong>Note de mijloc:<\/strong>\u00a0Ghimbir, Ambra<br \/>\n<strong>Note de baza:<\/strong>\u00a0Ambroxan, Mosc, Vetiver, Paciuli<\/p>","protected":false},"featured_media":1191,"comment_status":"open","ping_status":"closed","template":"","meta":{"om_disable_all_campaigns":false,"_monsterinsights_skip_tracking":false,"_monsterinsights_sitenote_active":false,"_monsterinsights_sitenote_note":"","_monsterinsights_sitenote_category":0},"product_brand":[65],"product_cat":[57],"product_tag":[],"class_list":{"0":"post-1190","1":"product","2":"type-product","3":"status-publish","4":"has-post-thumbnail","6":"product_brand-emaar","7":"product_cat-unisex","9":"first","10":"outofstock","11":"shipping-taxable","12":"purchasable","13":"product-type-simple"},"aioseo_notices":[],"ct_brands":[{"id":65,"name":"EMAAR","slug":"emaar"}],"_links":{"self":[{"href":"https:\/\/habibimb.com\/en\/wp-json\/wp\/v2\/product\/1190","targetHints":{"allow":["GET"]}}],"collection":[{"href":"https:\/\/habibimb.com\/en\/wp-json\/wp\/v2\/product"}],"about":[{"href":"https:\/\/habibimb.com\/en\/wp-json\/wp\/v2\/types\/product"}],"replies":[{"embeddable":true,"href":"https:\/\/habibimb.com\/en\/wp-json\/wp\/v2\/comments?post=1190"}],"wp:featuredmedia":[{"embeddable":true,"href":"https:\/\/habibimb.com\/en\/wp-json\/wp\/v2\/media\/1191"}],"wp:attachment":[{"href":"https:\/\/habibimb.com\/en\/wp-json\/wp\/v2\/media?parent=1190"}],"wp:term":[{"taxonomy":"product_brand","embeddable":true,"href":"https:\/\/habibimb.com\/en\/wp-json\/wp\/v2\/product_brand?post=1190"},{"taxonomy":"product_cat","embeddable":true,"href":"https:\/\/habibimb.com\/en\/wp-json\/wp\/v2\/product_cat?post=1190"},{"taxonomy":"product_tag","embeddable":true,"href":"https:\/\/habibimb.com\/en\/wp-json\/wp\/v2\/product_tag?post=1190"}],"curies":[{"name":"wp","href":"https:\/\/api.w.org\/{rel}","templated":true}]}}