{"id":1179,"date":"2025-04-18T08:44:37","date_gmt":"2025-04-18T08:44:37","guid":{"rendered":"https:\/\/powderblue-ostrich-774422.hostingersite.com\/?post_type=product&#038;p=1179"},"modified":"2025-10-02T11:30:31","modified_gmt":"2025-10-02T11:30:31","slug":"apa-de-parfum-i-am-the-queen-ard-al-zaafaran-femei-100ml","status":"publish","type":"product","link":"https:\/\/habibimb.com\/en\/product\/apa-de-parfum-i-am-the-queen-ard-al-zaafaran-femei-100ml\/","title":{"rendered":"I Am The Queen, Ard Al Zaafaran, &#8211;"},"content":{"rendered":"<h2>Dezl\u0103n\u021buie-\u021bi regina interioar\u0103<\/h2>\n<p>P\u0103\u0219e\u0219te pe t\u0103r\u00e2mul elegan\u021bei \u0219i rafinamentului cu Apa de Parfum I Am The Queen de Ard Al Zaafaran. Acest parfum rafinat pentru femei \u00eencapsuleaz\u0103 esen\u021ba puterii \u0219i feminit\u0103\u021bii, invit\u00e2ndu-v\u0103 s\u0103 v\u0103 exprima\u021bi adev\u0103ratul sine. Cu fiecare pulverizare, vei fi \u00eenv\u0103luit \u00eentr-un nor de parfum luxos care \u00ee\u021bi ridic\u0103 spiritul \u0219i \u00ee\u021bi spore\u0219te \u00eencrederea.<\/p>\n<h2>Profilul parfumului<\/h2>\n<p>Parfumul \u00eenc\u00e2nt\u0103tor prezint\u0103 un amestec captivant de note florale \u0219i fructate. \u00cen partea de sus, parfumurile fructate revigorante v\u0103 trezesc sim\u021burile, preg\u0103tind scena pentru inima parfumului &#8211; un buchet luxuriant de flori delicate. Pe m\u0103sur\u0103 ce se a\u0219eaz\u0103, apar nuan\u021be calde \u0219i moscate, cre\u00e2nd o baz\u0103 bogat\u0103 care persist\u0103 frumos pe piele. Acest echilibru armonios face ca Apa de Parfum I Am The Queen s\u0103 fie perfect\u0103 pentru orice ocazie, fie c\u0103 este vorba de o zi la birou sau de o noapte \u00een ora\u0219.<\/p>\n<h2>De ce s\u0103 alegi Apa de Parfum I Am The Queen?<\/h2>\n<p>Aceast\u0103 sticl\u0103 de 100 ml cu parfumul semn\u0103tur\u0103 Ard Al Zaafaran nu numai c\u0103 ofer\u0103 o experien\u021b\u0103 de lux, dar ofer\u0103 \u0219i o longevitate remarcabil\u0103. C\u00e2teva spray-uri sunt tot ce ai nevoie pentru a te asigura c\u0103 por\u021bi cu tine esen\u021ba acestui parfum rafinat pe tot parcursul zilei. Prezentat \u00eentr-o sticl\u0103 elegant\u0103 care reflect\u0103 tema regal\u0103, ar fi un plus uimitor pentru orice colec\u021bie de parfumuri. Fie c\u0103 v\u0103 r\u0103sf\u0103\u021ba\u021bi sau c\u0103uta\u021bi cadoul perfect pentru cineva special, Apa de Parfum I Am The Queen este o alegere atemporal\u0103.<\/p>\n<p>R\u0103sf\u0103\u021ba\u021bi-v\u0103 cu farmecul acestui parfum \u0219i \u00eembr\u0103\u021bi\u0219a\u021bi-v\u0103 regina interioar\u0103 cu Apa de Parfum I Am The Queen de Ard Al Zaafaran. Experimenta\u021bi farmecul unui parfum care celebreaz\u0103 feminitatea \u0219i puterea, toate \u00eencapsulate \u00eentr-o sticl\u0103 frumos realizat\u0103.<\/p>","protected":false},"excerpt":{"rendered":"<p>Inspirat din erba pura Xerjoff<\/p>","protected":false},"featured_media":1181,"comment_status":"open","ping_status":"closed","template":"","meta":{"om_disable_all_campaigns":false,"_monsterinsights_skip_tracking":false,"_monsterinsights_sitenote_active":false,"_monsterinsights_sitenote_note":"","_monsterinsights_sitenote_category":0},"product_brand":[64],"product_cat":[56],"product_tag":[],"class_list":{"0":"post-1179","1":"product","2":"type-product","3":"status-publish","4":"has-post-thumbnail","6":"product_brand-ard-al-zaafaran","7":"product_cat-pentru-ea","9":"first","10":"outofstock","11":"shipping-taxable","12":"purchasable","13":"product-type-simple"},"aioseo_notices":[],"ct_brands":[{"id":64,"name":"Ard Al Zaafaran","slug":"ard-al-zaafaran"}],"_links":{"self":[{"href":"https:\/\/habibimb.com\/en\/wp-json\/wp\/v2\/product\/1179","targetHints":{"allow":["GET"]}}],"collection":[{"href":"https:\/\/habibimb.com\/en\/wp-json\/wp\/v2\/product"}],"about":[{"href":"https:\/\/habibimb.com\/en\/wp-json\/wp\/v2\/types\/product"}],"replies":[{"embeddable":true,"href":"https:\/\/habibimb.com\/en\/wp-json\/wp\/v2\/comments?post=1179"}],"wp:featuredmedia":[{"embeddable":true,"href":"https:\/\/habibimb.com\/en\/wp-json\/wp\/v2\/media\/1181"}],"wp:attachment":[{"href":"https:\/\/habibimb.com\/en\/wp-json\/wp\/v2\/media?parent=1179"}],"wp:term":[{"taxonomy":"product_brand","embeddable":true,"href":"https:\/\/habibimb.com\/en\/wp-json\/wp\/v2\/product_brand?post=1179"},{"taxonomy":"product_cat","embeddable":true,"href":"https:\/\/habibimb.com\/en\/wp-json\/wp\/v2\/product_cat?post=1179"},{"taxonomy":"product_tag","embeddable":true,"href":"https:\/\/habibimb.com\/en\/wp-json\/wp\/v2\/product_tag?post=1179"}],"curies":[{"name":"wp","href":"https:\/\/api.w.org\/{rel}","templated":true}]}}