{"id":1142,"date":"2025-04-16T17:24:26","date_gmt":"2025-04-16T17:24:26","guid":{"rendered":"https:\/\/powderblue-ostrich-774422.hostingersite.com\/?post_type=product&#038;p=1142"},"modified":"2025-05-22T13:45:04","modified_gmt":"2025-05-22T13:45:04","slug":"ard-al-zaafaran-i-am-the-kingbarbati-apa-de-parfum-100ml","status":"publish","type":"product","link":"https:\/\/habibimb.com\/en\/product\/ard-al-zaafaran-i-am-the-kingbarbati-apa-de-parfum-100ml\/","title":{"rendered":"Ard Al Zaafaran I Am the King"},"content":{"rendered":"<p class=\"\" data-start=\"277\" data-end=\"715\">Descoper\u0103 aroma fermec\u0103toare a parfumului <strong data-start=\"319\" data-end=\"336\">I Am the King<\/strong> de la <strong data-start=\"343\" data-end=\"362\">Ard Al Zaafaran<\/strong>, un amestec sofisticat ce se deschide cu note citrice revigorante, menite s\u0103 trezeasc\u0103 sim\u021burile \u0219i s\u0103 ofere o energie vibrant\u0103. \u00cen inima sa, se dezv\u0103luie un buchet armonios de acorduri florale \u0219i condimentate, care confer\u0103 o aur\u0103 irezistibil\u0103. Baza este compus\u0103 din note lemnoase bogate \u0219i r\u0103\u0219ini calde, ce ofer\u0103 profunzime \u0219i o persisten\u021b\u0103 de durat\u0103.<\/p>\n<hr class=\"\" data-start=\"717\" data-end=\"720\" \/>\n<h3 class=\"\" data-start=\"722\" data-end=\"749\"><strong data-start=\"726\" data-end=\"749\">Elegant \u0219i Versatil<\/strong><\/h3>\n<p class=\"\" data-start=\"751\" data-end=\"1183\">Parfumul <strong data-start=\"760\" data-end=\"777\">I Am the King<\/strong> este ideal pentru orice moment al zilei \u2013 fie c\u0103 alegi s\u0103 \u00eel por\u021bi la birou sau la o ocazie special\u0103, las\u0103 o impresie memorabil\u0103. Aroma sa rafinat\u0103 exprim\u0103 \u00eencredere, elegan\u021b\u0103 \u0219i for\u021b\u0103 interioar\u0103. Cu doar c\u00e2teva pulveriz\u0103ri, rutina ta zilnic\u0103 se transform\u0103 \u00eentr-o experien\u021b\u0103 de lux. Este, de asemenea, o alegere perfect\u0103 pentru a fi oferit cadou \u2013 un parfum deosebit pentru b\u0103rba\u021bii speciali din via\u021ba ta.<\/p>\n<hr class=\"\" data-start=\"1185\" data-end=\"1188\" \/>\n<p class=\"\" data-start=\"1190\" data-end=\"1455\"><strong data-start=\"1190\" data-end=\"1323\">Dac\u0103 \u00ee\u021bi dore\u0219ti un parfum care exprim\u0103 profunzime, caracter \u0219i rafinament, Ard Al Zaafaran \u2013 I Am the King este alegerea ideal\u0103.<\/strong> Acest parfum excep\u021bional va deveni rapid o pies\u0103 de baz\u0103 \u00een colec\u021bia ta personal\u0103, eviden\u021biindu-\u021bi personalitatea oriunde ai merge.<\/p>","protected":false},"excerpt":{"rendered":"<p>Inspirat din Sauvage\u00a0Dior<\/p>","protected":false},"featured_media":1144,"comment_status":"open","ping_status":"closed","template":"","meta":{"om_disable_all_campaigns":false,"_monsterinsights_skip_tracking":false,"_monsterinsights_sitenote_active":false,"_monsterinsights_sitenote_note":"","_monsterinsights_sitenote_category":0},"product_brand":[64],"product_cat":[55],"product_tag":[],"class_list":{"0":"post-1142","1":"product","2":"type-product","3":"status-publish","4":"has-post-thumbnail","6":"product_brand-ard-al-zaafaran","7":"product_cat-pentru-el","9":"first","10":"outofstock","11":"shipping-taxable","12":"purchasable","13":"product-type-simple"},"aioseo_notices":[],"ct_brands":[{"id":64,"name":"Ard Al Zaafaran","slug":"ard-al-zaafaran"}],"_links":{"self":[{"href":"https:\/\/habibimb.com\/en\/wp-json\/wp\/v2\/product\/1142","targetHints":{"allow":["GET"]}}],"collection":[{"href":"https:\/\/habibimb.com\/en\/wp-json\/wp\/v2\/product"}],"about":[{"href":"https:\/\/habibimb.com\/en\/wp-json\/wp\/v2\/types\/product"}],"replies":[{"embeddable":true,"href":"https:\/\/habibimb.com\/en\/wp-json\/wp\/v2\/comments?post=1142"}],"wp:featuredmedia":[{"embeddable":true,"href":"https:\/\/habibimb.com\/en\/wp-json\/wp\/v2\/media\/1144"}],"wp:attachment":[{"href":"https:\/\/habibimb.com\/en\/wp-json\/wp\/v2\/media?parent=1142"}],"wp:term":[{"taxonomy":"product_brand","embeddable":true,"href":"https:\/\/habibimb.com\/en\/wp-json\/wp\/v2\/product_brand?post=1142"},{"taxonomy":"product_cat","embeddable":true,"href":"https:\/\/habibimb.com\/en\/wp-json\/wp\/v2\/product_cat?post=1142"},{"taxonomy":"product_tag","embeddable":true,"href":"https:\/\/habibimb.com\/en\/wp-json\/wp\/v2\/product_tag?post=1142"}],"curies":[{"name":"wp","href":"https:\/\/api.w.org\/{rel}","templated":true}]}}