{"id":1138,"date":"2025-04-16T17:04:09","date_gmt":"2025-04-16T17:04:09","guid":{"rendered":"https:\/\/powderblue-ostrich-774422.hostingersite.com\/?post_type=product&#038;p=1138"},"modified":"2025-05-15T07:30:41","modified_gmt":"2025-05-15T07:30:41","slug":"o-aroma-orientala-captivanta-potrivita-atat-pentru-femei-cat-si-pentru-barbati-eleganta-si-rafinament-intr-o-singura-sticla","status":"publish","type":"product","link":"https:\/\/habibimb.com\/en\/product\/o-aroma-orientala-captivanta-potrivita-atat-pentru-femei-cat-si-pentru-barbati-eleganta-si-rafinament-intr-o-singura-sticla\/","title":{"rendered":"Oud 24Hours,Ard Al Zaafaran"},"content":{"rendered":"<p class=\"\" data-start=\"237\" data-end=\"506\">P\u0103\u0219e\u0219te \u00eentr-o lume a rafinamentului cu <strong data-start=\"277\" data-end=\"296\">Ard Al Zaafaran<\/strong>, o ap\u0103 de parfum unisex ce \u00eembin\u0103 elegan\u021ba oriental\u0103 cu un stil modern \u0219i sofisticat. Creat at\u00e2t pentru femei, c\u00e2t \u0219i pentru b\u0103rba\u021bi, acest parfum las\u0103 o impresie puternic\u0103 \u0219i memorabil\u0103, indiferent de ocazie.<\/p>\n<hr class=\"\" data-start=\"508\" data-end=\"511\" \/>\n<h3 class=\"\" data-start=\"513\" data-end=\"553\"><strong data-start=\"517\" data-end=\"553\">Elegan\u021b\u0103 de Ne\u00eentrecut, Zi de Zi<\/strong><\/h3>\n<p class=\"\" data-start=\"555\" data-end=\"870\">Notele de v\u00e2rf proaspete \u0219i vibrante deschid parfumul cu o energie revigorant\u0103. \u00cen inima compozi\u021biei se reg\u0103sesc acorduri florale \u0219i condimente exotice, care definesc farmecul oriental. Baza cald\u0103 de lemn nobil \u0219i ambr\u0103 subtil\u0103 ofer\u0103 profunzime \u0219i persisten\u021b\u0103, perfect\u0103 pentru a trece cu u\u0219urin\u021b\u0103 de la zi la sear\u0103.<\/p>\n<hr class=\"\" data-start=\"872\" data-end=\"875\" \/>\n<h3 class=\"\" data-start=\"877\" data-end=\"925\"><strong data-start=\"881\" data-end=\"925\">Cadoul Ideal pentru Tine sau Cineva Drag<\/strong><\/h3>\n<p class=\"\" data-start=\"927\" data-end=\"1191\">Fie c\u0103 vrei s\u0103-\u021bi completezi colec\u021bia sau s\u0103 oferi un cadou special, <strong data-start=\"996\" data-end=\"1015\">Ard Al Zaafaran<\/strong> este alegerea perfect\u0103. Ambalat elegant \u0219i potrivit pentru orice gen, este o declara\u021bie de stil \u0219i individualitate, ideal pentru cei care apreciaz\u0103 luxul \u0219i esen\u021bele rafinate<\/p>","protected":false},"excerpt":{"rendered":"<p>Inspirat din Tom Ford Black Orchid<\/p>","protected":false},"featured_media":2919,"comment_status":"open","ping_status":"closed","template":"","meta":{"om_disable_all_campaigns":false,"_monsterinsights_skip_tracking":false,"_monsterinsights_sitenote_active":false,"_monsterinsights_sitenote_note":"","_monsterinsights_sitenote_category":0},"product_brand":[64],"product_cat":[57],"product_tag":[],"class_list":{"0":"post-1138","1":"product","2":"type-product","3":"status-publish","4":"has-post-thumbnail","6":"product_brand-ard-al-zaafaran","7":"product_cat-unisex","9":"first","10":"instock","11":"shipping-taxable","12":"purchasable","13":"product-type-simple"},"aioseo_notices":[],"ct_brands":[{"id":64,"name":"Ard Al Zaafaran","slug":"ard-al-zaafaran"}],"_links":{"self":[{"href":"https:\/\/habibimb.com\/en\/wp-json\/wp\/v2\/product\/1138","targetHints":{"allow":["GET"]}}],"collection":[{"href":"https:\/\/habibimb.com\/en\/wp-json\/wp\/v2\/product"}],"about":[{"href":"https:\/\/habibimb.com\/en\/wp-json\/wp\/v2\/types\/product"}],"replies":[{"embeddable":true,"href":"https:\/\/habibimb.com\/en\/wp-json\/wp\/v2\/comments?post=1138"}],"wp:featuredmedia":[{"embeddable":true,"href":"https:\/\/habibimb.com\/en\/wp-json\/wp\/v2\/media\/2919"}],"wp:attachment":[{"href":"https:\/\/habibimb.com\/en\/wp-json\/wp\/v2\/media?parent=1138"}],"wp:term":[{"taxonomy":"product_brand","embeddable":true,"href":"https:\/\/habibimb.com\/en\/wp-json\/wp\/v2\/product_brand?post=1138"},{"taxonomy":"product_cat","embeddable":true,"href":"https:\/\/habibimb.com\/en\/wp-json\/wp\/v2\/product_cat?post=1138"},{"taxonomy":"product_tag","embeddable":true,"href":"https:\/\/habibimb.com\/en\/wp-json\/wp\/v2\/product_tag?post=1138"}],"curies":[{"name":"wp","href":"https:\/\/api.w.org\/{rel}","templated":true}]}}