{"id":1092,"date":"2025-04-16T07:15:23","date_gmt":"2025-04-16T07:15:23","guid":{"rendered":"https:\/\/powderblue-ostrich-774422.hostingersite.com\/?post_type=product&#038;p=1092"},"modified":"2026-02-09T09:24:52","modified_gmt":"2026-02-09T09:24:52","slug":"apa-de-parfum-jazzab-gold-ard-al-zaafaran","status":"publish","type":"product","link":"https:\/\/habibimb.com\/en\/product\/apa-de-parfum-jazzab-gold-ard-al-zaafaran\/","title":{"rendered":"Jazzab Gold ,Ard Al Zaafaran"},"content":{"rendered":"<h2>Descoper\u0103 Elegan\u021ba Jazzab Gold<\/h2>\n<p>Jazzab Gold nu este doar un parfum; este o experien\u021b\u0103 senzorial\u0103 unic\u0103. Cu un amestec sofisticat de note dulci \u0219i condimentate, fiecare pulverizare aduce cu sine o aur\u0103 de elegan\u021b\u0103 care \u00eei \u00eenc\u00e2nt\u0103 pe cei din jur. Bine \u00eembinat, acest parfum oriental \u00ee\u021bi va transforma fiecare apari\u021bie \u00eentr-un moment memorabil.<\/p>\n<h2>Notele Care Te \u00cenc\u00e2nt\u0103<\/h2>\n<p>Aroma persistent\u0103 a parfumului Jazzab Gold se deschide cu flori albe imbat\u0103toare, aduc\u00e2nd un strop de prospe\u021bime \u0219i feminitate. Pe parcurs, se \u00eempletesc cu nuan\u021be fine de mu\u0219chi care adaug\u0103 o ad\u00e2ncire subtil\u0103, culmin\u00e2nd cu accente lemnoase care confer\u0103 rafinament. Acesta este un parfum care \u00eembin\u0103 tradi\u021bia oriental\u0103 cu modernitatea, perfect pentru a fi purtat de femeia cu o prezen\u021b\u0103 impun\u0103toare.<\/p>\n<h2>Perfec\u021biune pentru Momente Speciale<\/h2>\n<p>Jazzab Gold este alegerea ideal\u0103 pentru seri speciale sau ocazii deosebite. Fie c\u0103 te preg\u0103te\u0219ti pentru o cin\u0103 elegant\u0103, un eveniment de gal\u0103 sau pur \u0219i simplu vrei s\u0103 te sim\u021bi minunat \u00een fiecare zi, acest parfum te va face s\u0103 str\u0103luce\u0219ti. Las\u0103 Jazzab Gold s\u0103 fie ecoul elegan\u021bei tale, s\u0103 \u00ee\u021bi defineasc\u0103 stilul \u0219i s\u0103 te \u00eenv\u0103luie \u00eentr-o aur\u0103 de rafinament care nu va trece neobservat\u0103.<\/p>","protected":false},"excerpt":{"rendered":"<p>Un parfum oriental sofisticat, cu note dulci \u0219i condimentate ce cuceresc de la prima pulverizare. Jazzab Gold eman\u0103 elegan\u021b\u0103 \u0219i rafinament, cu o arom\u0103 persistent\u0103 ce \u00eembin\u0103 perfect florile albe, moscul fin \u0219i accentele lemnoase. Ideal pentru seri speciale sau femeia cu prezen\u021b\u0103 impun\u0103toare.<\/p>","protected":false},"featured_media":1093,"comment_status":"open","ping_status":"closed","template":"","meta":{"om_disable_all_campaigns":false,"_monsterinsights_skip_tracking":false,"_monsterinsights_sitenote_active":false,"_monsterinsights_sitenote_note":"","_monsterinsights_sitenote_category":0},"product_brand":[64],"product_cat":[56],"product_tag":[],"class_list":{"0":"post-1092","1":"product","2":"type-product","3":"status-publish","4":"has-post-thumbnail","6":"product_brand-ard-al-zaafaran","7":"product_cat-pentru-ea","9":"first","10":"instock","11":"sale","12":"shipping-taxable","13":"purchasable","14":"product-type-simple"},"aioseo_notices":[],"ct_brands":[{"id":64,"name":"Ard Al Zaafaran","slug":"ard-al-zaafaran"}],"_links":{"self":[{"href":"https:\/\/habibimb.com\/en\/wp-json\/wp\/v2\/product\/1092","targetHints":{"allow":["GET"]}}],"collection":[{"href":"https:\/\/habibimb.com\/en\/wp-json\/wp\/v2\/product"}],"about":[{"href":"https:\/\/habibimb.com\/en\/wp-json\/wp\/v2\/types\/product"}],"replies":[{"embeddable":true,"href":"https:\/\/habibimb.com\/en\/wp-json\/wp\/v2\/comments?post=1092"}],"wp:featuredmedia":[{"embeddable":true,"href":"https:\/\/habibimb.com\/en\/wp-json\/wp\/v2\/media\/1093"}],"wp:attachment":[{"href":"https:\/\/habibimb.com\/en\/wp-json\/wp\/v2\/media?parent=1092"}],"wp:term":[{"taxonomy":"product_brand","embeddable":true,"href":"https:\/\/habibimb.com\/en\/wp-json\/wp\/v2\/product_brand?post=1092"},{"taxonomy":"product_cat","embeddable":true,"href":"https:\/\/habibimb.com\/en\/wp-json\/wp\/v2\/product_cat?post=1092"},{"taxonomy":"product_tag","embeddable":true,"href":"https:\/\/habibimb.com\/en\/wp-json\/wp\/v2\/product_tag?post=1092"}],"curies":[{"name":"wp","href":"https:\/\/api.w.org\/{rel}","templated":true}]}}