{"id":2494,"date":"2025-05-12T11:47:15","date_gmt":"2025-05-12T11:47:15","guid":{"rendered":"https:\/\/habibimb.com\/?page_id=2494"},"modified":"2025-05-12T11:47:16","modified_gmt":"2025-05-12T11:47:16","slug":"livrare","status":"publish","type":"page","link":"https:\/\/habibimb.com\/en\/livrare\/","title":{"rendered":"Livrare"},"content":{"rendered":"<p>Produsele comandate prin intermediul site-ului nostru sunt livrate prin curier rapid, la adresa specificat\u0103 de client \u00een formularul de comand\u0103.<\/p>\n<p>Termen estimativ de livrare:<\/p>\n<p>Livrarea se face, de regul\u0103, \u00een 2-4 zile lucr\u0103toare, \u00een func\u021bie de disponibilitatea produsului \u0219i localitatea de destina\u021bie.<\/p>\n<p>\u00cen perioade aglomerate (ex: Black Friday, s\u0103rb\u0103tori), termenul de livrare poate fi extins cu p\u00e2n\u0103 la 3 zile lucr\u0103toare.<\/p>\n<p>Metoda de livrare:<\/p>\n<p>Comenzile sunt livrate prin Cargus, Dpd, Fan Courier ..etc<\/p>\n<p>Ve\u021bi primi un e-mail sau SMS cu detalii despre expediere \u0219i num\u0103rul de urm\u0103rire (AWB).<\/p>\n<p>Costuri de livrare:<\/p>\n<p>Livrarea este gratuit\u0103 pentru comenzile peste [ex: 300 RON].<\/p>\n<p>Pentru comenzile sub aceast\u0103 sum\u0103, se aplic\u0103 un tarif fix de 20.00 RON, afi\u0219at \u00een co\u0219ul de cump\u0103r\u0103turi \u00eenainte de finalizarea comenzii.<\/p>\n<p>Important:<\/p>\n<p>\u00cen cazul \u00een care curierul nu reu\u0219e\u0219te livrarea, ve\u021bi fi contactat pentru a reprograma livrarea.<\/p>\n<p>Ne rezerv\u0103m dreptul de a solicita plata \u00een avans pentru comenzile suspecte sau refuzate anterior.<\/p>","protected":false},"excerpt":{"rendered":"<p>Produsele comandate prin intermediul site-ului nostru sunt livrate prin curier rapid, la adresa specificat\u0103 de client \u00een formularul de comand\u0103. Termen estimativ de livrare: Livrarea se face, de regul\u0103, \u00een 2-4 zile lucr\u0103toare, \u00een func\u021bie de disponibilitatea produsului \u0219i localitatea de destina\u021bie. \u00cen perioade aglomerate (ex: Black Friday, s\u0103rb\u0103tori), termenul de livrare poate fi extins [&hellip;]<\/p>","protected":false},"author":1,"featured_media":0,"parent":0,"menu_order":0,"comment_status":"closed","ping_status":"closed","template":"","meta":{"om_disable_all_campaigns":false,"_monsterinsights_skip_tracking":false,"_monsterinsights_sitenote_active":false,"_monsterinsights_sitenote_note":"","_monsterinsights_sitenote_category":0,"footnotes":""},"class_list":["post-2494","page","type-page","status-publish","hentry"],"blocksy_meta":[],"aioseo_notices":[],"_links":{"self":[{"href":"https:\/\/habibimb.com\/en\/wp-json\/wp\/v2\/pages\/2494","targetHints":{"allow":["GET"]}}],"collection":[{"href":"https:\/\/habibimb.com\/en\/wp-json\/wp\/v2\/pages"}],"about":[{"href":"https:\/\/habibimb.com\/en\/wp-json\/wp\/v2\/types\/page"}],"author":[{"embeddable":true,"href":"https:\/\/habibimb.com\/en\/wp-json\/wp\/v2\/users\/1"}],"replies":[{"embeddable":true,"href":"https:\/\/habibimb.com\/en\/wp-json\/wp\/v2\/comments?post=2494"}],"version-history":[{"count":1,"href":"https:\/\/habibimb.com\/en\/wp-json\/wp\/v2\/pages\/2494\/revisions"}],"predecessor-version":[{"id":2495,"href":"https:\/\/habibimb.com\/en\/wp-json\/wp\/v2\/pages\/2494\/revisions\/2495"}],"wp:attachment":[{"href":"https:\/\/habibimb.com\/en\/wp-json\/wp\/v2\/media?parent=2494"}],"curies":[{"name":"wp","href":"https:\/\/api.w.org\/{rel}","templated":true}]}}