{"id":1065,"date":"2024-12-27T15:32:16","date_gmt":"2024-12-27T15:32:16","guid":{"rendered":"https:\/\/startersites.io\/elementor\/cosmetic\/?page_id=1065"},"modified":"2025-04-21T14:22:08","modified_gmt":"2025-04-21T14:22:08","slug":"despre","status":"publish","type":"page","link":"https:\/\/habibimb.com\/en\/despre\/","title":{"rendered":"DESPRE"},"content":{"rendered":"<div data-elementor-type=\"wp-page\" data-elementor-id=\"1065\" class=\"elementor elementor-1065\">\n\t\t\t\t<div class=\"elementor-element elementor-element-efdb29a e-flex e-con-boxed e-con e-parent\" data-id=\"efdb29a\" data-element_type=\"container\">\n\t\t\t\t\t<div class=\"e-con-inner\">\n\t\t\t\t<div class=\"elementor-element elementor-element-f7da446 elementor-widget__width-initial elementor-widget elementor-widget-heading\" data-id=\"f7da446\" data-element_type=\"widget\" data-widget_type=\"heading.default\">\n\t\t\t\t<div class=\"elementor-widget-container\">\n\t\t\t\t\t<h2 class=\"elementor-heading-title elementor-size-default\">Credem c\u0103 fiecare suflet merit\u0103 s\u0103 str\u0103luceasc\u0103. Frumuse\u021bea \u0219i \u00eencrederea nu au standarde  ele \u00eencep din interior \u0219i se simt \u00een parfum<\/h2>\t\t\t\t<\/div>\n\t\t\t\t<\/div>\n\t\t\t\t\t<\/div>\n\t\t\t\t<\/div>\n\t\t<div class=\"elementor-element elementor-element-4c671e8 e-flex e-con-boxed e-con e-parent\" data-id=\"4c671e8\" data-element_type=\"container\">\n\t\t\t\t\t<div class=\"e-con-inner\">\n\t\t<div class=\"elementor-element elementor-element-1386c85 e-con-full e-flex e-con e-child\" data-id=\"1386c85\" data-element_type=\"container\">\n\t\t\t\t<div class=\"elementor-element elementor-element-044d43b elementor-widget elementor-widget-text-editor\" data-id=\"044d43b\" data-element_type=\"widget\" data-widget_type=\"text-editor.default\">\n\t\t\t\t<div class=\"elementor-widget-container\">\n\t\t\t\t\t\t\t\t\t<p><strong data-start=\"219\" data-end=\"318\">La HabibiMB, credem c\u0103 parfumul nu este doar un accesoriu, ci o extensie a personalit\u0103\u021bii tale.<\/strong><br data-start=\"318\" data-end=\"321\" \/>Fiecare arom\u0103 este creat\u0103 pentru a-\u021bi eviden\u021bia farmecul natural \u0219i pentru a aduce un plus de rafinament fiec\u0103rui moment.<br data-start=\"444\" data-end=\"447\" \/>De la note delicate, p\u00e2n\u0103 la accente intense \u0219i senzuale, parfumurile noastre sunt o invita\u021bie la descoperire \u0219i \u00eencredere de sine.<br data-start=\"580\" data-end=\"583\" \/><strong data-start=\"585\" data-end=\"646\">Simte, tr\u0103ie\u0219te, iube\u0219te \u2014 cu fiecare pic\u0103tur\u0103 de parfum.<\/strong><\/p>\t\t\t\t\t\t\t\t<\/div>\n\t\t\t\t<\/div>\n\t\t\t\t<\/div>\n\t\t<div class=\"elementor-element elementor-element-d3735f0 e-con-full e-flex e-con e-child\" data-id=\"d3735f0\" data-element_type=\"container\">\n\t\t\t\t<div class=\"elementor-element elementor-element-3a60765 elementor-widget elementor-widget-text-editor\" data-id=\"3a60765\" data-element_type=\"widget\" data-widget_type=\"text-editor.default\">\n\t\t\t\t<div class=\"elementor-widget-container\">\n\t\t\t\t\t\t\t\t\t<p><strong data-start=\"318\" data-end=\"453\">Fiecare parfum HabibiMB este o c\u0103l\u0103torie \u00een sine \u2013 o expresie a stilului personal \u0219i a emo\u021biilor care nu pot fi rostite \u00een cuvinte.<\/strong><br data-start=\"453\" data-end=\"456\" \/>Notele se \u00eempletesc armonios, de la prospe\u021bimea subtil\u0103 a \u00eenceputului, p\u00e2n\u0103 la intensitatea final\u0103 care persist\u0103 ore \u00een \u0219ir.<br data-start=\"582\" data-end=\"585\" \/>Creat pentru cei care \u0219tiu c\u0103 elegan\u021ba nu este un lux, ci o stare de spirit.<br data-start=\"663\" data-end=\"666\" \/><strong data-start=\"668\" data-end=\"722\">HabibiMB \u2014 o semn\u0103tur\u0103 invizibil\u0103, dar de neuitat.<\/strong><\/p>\t\t\t\t\t\t\t\t<\/div>\n\t\t\t\t<\/div>\n\t\t\t\t<\/div>\n\t\t\t\t\t<\/div>\n\t\t\t\t<\/div>\n\t\t<div class=\"elementor-element elementor-element-9d9f1ac e-flex e-con-boxed e-con e-parent\" data-id=\"9d9f1ac\" data-element_type=\"container\">\n\t\t\t\t\t<div class=\"e-con-inner\">\n\t\t<div class=\"elementor-element elementor-element-9f6c21a e-con-full e-flex e-con e-child\" data-id=\"9f6c21a\" data-element_type=\"container\" data-settings=\"{&quot;background_background&quot;:&quot;classic&quot;}\">\n\t\t\t\t<div class=\"elementor-element elementor-element-ac9217a elementor-widget__width-initial elementor-widget elementor-widget-heading\" data-id=\"ac9217a\" data-element_type=\"widget\" data-widget_type=\"heading.default\">\n\t\t\t\t<div class=\"elementor-widget-container\">\n\t\t\t\t\t<h3 class=\"elementor-heading-title elementor-size-default\">Frumuse\u021bea adev\u0103rat\u0103 nu e direct\u0103 \u2014 e fluid\u0103. <br>Ca un parfum care \u00eembr\u0103\u021bi\u0219eaz\u0103 pielea \u00een valuri elegante<\/h3>\t\t\t\t<\/div>\n\t\t\t\t<\/div>\n\t\t\t\t<div class=\"elementor-element elementor-element-bab2340 elementor-widget elementor-widget-button\" data-id=\"bab2340\" data-element_type=\"widget\" data-widget_type=\"button.default\">\n\t\t\t\t<div class=\"elementor-widget-container\">\n\t\t\t\t\t\t\t\t\t<div class=\"elementor-button-wrapper\">\n\t\t\t\t\t<a class=\"elementor-button elementor-button-link elementor-size-sm\" href=\"https:\/\/powderblue-ostrich-774422.hostingersite.com\/magazin\/\">\n\t\t\t\t\t\t<span class=\"elementor-button-content-wrapper\">\n\t\t\t\t\t\t\t\t\t<span class=\"elementor-button-text\">Cumpara Acum<\/span>\n\t\t\t\t\t<\/span>\n\t\t\t\t\t<\/a>\n\t\t\t\t<\/div>\n\t\t\t\t\t\t\t\t<\/div>\n\t\t\t\t<\/div>\n\t\t\t\t<\/div>\n\t\t<div class=\"elementor-element elementor-element-dc93c68 e-con-full e-flex e-con e-child\" data-id=\"dc93c68\" data-element_type=\"container\" data-settings=\"{&quot;background_background&quot;:&quot;classic&quot;}\">\n\t\t\t\t<div class=\"elementor-element elementor-element-580b7ef elementor-widget__width-initial elementor-widget elementor-widget-heading\" data-id=\"580b7ef\" data-element_type=\"widget\" data-widget_type=\"heading.default\">\n\t\t\t\t<div class=\"elementor-widget-container\">\n\t\t\t\t\t<h3 class=\"elementor-heading-title elementor-size-default\">Un parfum pentru femeia care cucere\u0219te prin farmec \u0219i for\u021b\u0103.\nO comoar\u0103 rar\u0103, o prezen\u021b\u0103 care inspir\u0103<\/h3>\t\t\t\t<\/div>\n\t\t\t\t<\/div>\n\t\t\t\t<div class=\"elementor-element elementor-element-1bbab12 elementor-widget elementor-widget-button\" data-id=\"1bbab12\" data-element_type=\"widget\" data-widget_type=\"button.default\">\n\t\t\t\t<div class=\"elementor-widget-container\">\n\t\t\t\t\t\t\t\t\t<div class=\"elementor-button-wrapper\">\n\t\t\t\t\t<a class=\"elementor-button elementor-button-link elementor-size-sm\" href=\"https:\/\/powderblue-ostrich-774422.hostingersite.com\/magazin\/\" rel=\"nofollow\">\n\t\t\t\t\t\t<span class=\"elementor-button-content-wrapper\">\n\t\t\t\t\t\t\t\t\t<span class=\"elementor-button-text\">CUMPARA ACUM<\/span>\n\t\t\t\t\t<\/span>\n\t\t\t\t\t<\/a>\n\t\t\t\t<\/div>\n\t\t\t\t\t\t\t\t<\/div>\n\t\t\t\t<\/div>\n\t\t\t\t<\/div>\n\t\t\t\t\t<\/div>\n\t\t\t\t<\/div>\n\t\t<div class=\"elementor-element elementor-element-28b0274 e-flex e-con-boxed e-con e-parent\" data-id=\"28b0274\" data-element_type=\"container\" data-settings=\"{&quot;background_background&quot;:&quot;classic&quot;}\">\n\t\t\t\t\t<div class=\"e-con-inner\">\n\t\t<div class=\"elementor-element elementor-element-8adbd4b e-con-full e-flex e-con e-child\" data-id=\"8adbd4b\" data-element_type=\"container\" data-settings=\"{&quot;background_background&quot;:&quot;classic&quot;}\">\n\t\t\t\t<\/div>\n\t\t\t\t\t<\/div>\n\t\t\t\t<\/div>\n\t\t<div class=\"elementor-element elementor-element-b5203bd e-grid e-con-boxed e-con e-parent\" data-id=\"b5203bd\" data-element_type=\"container\" data-settings=\"{&quot;background_background&quot;:&quot;classic&quot;}\">\n\t\t\t\t\t<div class=\"e-con-inner\">\n\t\t\t\t\t<\/div>\n\t\t\t\t<\/div>\n\t\t\t\t<\/div>","protected":false},"excerpt":{"rendered":"<p>Credem c\u0103 fiecare suflet merit\u0103 s\u0103 str\u0103luceasc\u0103. Frumuse\u021bea \u0219i \u00eencrederea nu au standarde ele \u00eencep din interior \u0219i se simt \u00een parfum La HabibiMB, credem c\u0103 parfumul nu este doar un accesoriu, ci o extensie a personalit\u0103\u021bii tale.Fiecare arom\u0103 este creat\u0103 pentru a-\u021bi eviden\u021bia farmecul natural \u0219i pentru a aduce un plus de rafinament fiec\u0103rui [&hellip;]<\/p>","protected":false},"author":1,"featured_media":0,"parent":0,"menu_order":0,"comment_status":"closed","ping_status":"closed","template":"","meta":{"om_disable_all_campaigns":false,"_monsterinsights_skip_tracking":false,"_monsterinsights_sitenote_active":false,"_monsterinsights_sitenote_note":"","_monsterinsights_sitenote_category":0,"footnotes":""},"class_list":["post-1065","page","type-page","status-publish","hentry"],"blocksy_meta":{"has_hero_section":"disabled","vertical_spacing_source":"custom","content_area_spacing":"top","styles_descriptor":{"styles":{"desktop":"","tablet":"","mobile":""},"google_fonts":[],"version":6}},"aioseo_notices":[],"_links":{"self":[{"href":"https:\/\/habibimb.com\/en\/wp-json\/wp\/v2\/pages\/1065","targetHints":{"allow":["GET"]}}],"collection":[{"href":"https:\/\/habibimb.com\/en\/wp-json\/wp\/v2\/pages"}],"about":[{"href":"https:\/\/habibimb.com\/en\/wp-json\/wp\/v2\/types\/page"}],"author":[{"embeddable":true,"href":"https:\/\/habibimb.com\/en\/wp-json\/wp\/v2\/users\/1"}],"replies":[{"embeddable":true,"href":"https:\/\/habibimb.com\/en\/wp-json\/wp\/v2\/comments?post=1065"}],"version-history":[{"count":22,"href":"https:\/\/habibimb.com\/en\/wp-json\/wp\/v2\/pages\/1065\/revisions"}],"predecessor-version":[{"id":1319,"href":"https:\/\/habibimb.com\/en\/wp-json\/wp\/v2\/pages\/1065\/revisions\/1319"}],"wp:attachment":[{"href":"https:\/\/habibimb.com\/en\/wp-json\/wp\/v2\/media?parent=1065"}],"curies":[{"name":"wp","href":"https:\/\/api.w.org\/{rel}","templated":true}]}}